{"id":798,"date":"2018-08-29T17:05:32","date_gmt":"2018-08-29T20:05:32","guid":{"rendered":"https:\/\/isfd66-bue.infd.edu.ar\/sitio\/historia\/"},"modified":"2023-08-17T18:13:12","modified_gmt":"2023-08-17T21:13:12","slug":"historia","status":"publish","type":"page","link":"https:\/\/isfd66-bue.infd.edu.ar\/sitio\/historia\/","title":{"rendered":"Historia"},"content":{"rendered":"<p style=\"text-align: justify;\"><span style=\"font-size: 12pt;\">Hasta el a\u00f1o 1982, pr\u00e1cticamente todo egresado de Nivel Secundario que aspirara cursar una carrera docente, deb\u00eda trasladarse hasta la ciudad de Lobos, viajando diariamente. Durante ese a\u00f1o distintos sectores de la comunidad, encabezados por el Intendente Municipal, Directivos y miembros Cooperadores de la Escuela Nacional de Comercio, autoridades educacionales de otras ramas, Centro Comercial e Industrial de Monte, padres y alumnos, gestionan ante la Direcci\u00f3n de Educaci\u00f3n Superior la creaci\u00f3n de un establecimiento de Ense\u00f1anza Superior en esta ciudad de San Miguel del Monte.<\/span><\/p>\n<p style=\"text-align: justify;\"><span style=\"font-size: 12pt;\">Las tramitaciones llegaron a feliz t\u00e9rmino el 16 de agosto de 1982, cuando a las 18:30 horas se realiza el Acto de Inauguraci\u00f3n de esta Instituci\u00f3n, como Anexo del Instituto Superior de Formaci\u00f3n Docente y T\u00e9cnica N\u00b0 43 de Lobos. El 30 de septiembre de 1986 se inaugura el Instituto Superior de Formaci\u00f3n Docente N\u00b0 66. A\u00f1os m\u00e1s tarde con las primeras tecnicaturas se convierte en Instituto Superior de Formaci\u00f3n Docente y Tecnica N\u00b0 66. En el a\u00f1o 2002 se le impone el nombre \u00abDon Juan Manuel de Rosas\u00bb.<\/span><\/p>\n<p style=\"text-align: justify;\"><span style=\"font-size: 12pt;\">A partir de all\u00ed, con una divisi\u00f3n de Segundo a\u00f1o (que hab\u00eda iniciado en el mes de marzo en Lobos) y una divisi\u00f3n de Primer a\u00f1o (que inici\u00f3 en esta casa en ese cuatrimestre), ambas de la carrera de Magisterio Normal Superior, comenz\u00f3 a perfilarse como centro de referencia cultural de la zona. Esto puede constatarse al analizar la matr\u00edcula final de 1982, donde se cuenta con 97 alumnos, 13 profesores, 1 regente, 1 secretario y 1 preceptor.<\/span><\/p>\n<p style=\"text-align: justify;\"><span style=\"font-size: 12pt;\">Al a\u00f1o siguiente, con la apertura de la carrera de Asistente Educacional, la matr\u00edcula Inicial es de 125 alumnos residentes regulares, siendo receptor de la matr\u00edcula local y la de General Belgrano, Gorch y zona de influencia.<\/span><\/p>\n<p style=\"text-align: justify;\"><span style=\"font-size: 12pt;\">En virtud de la actividad desplegada y las carreras dictadas entre las que pueden citarse: Asistente Social, Profesorado Especializado en Educaci\u00f3n Pre-escolar, Maestro Especializado en Dificultades de Aprendizaje y el Curso de Asistente Escolar Rural, esta instituci\u00f3n logra, por Resoluci\u00f3n N\u00b0 6401 de Septiembre de 1986 independizarse y con el N\u00b0 66, imponerse con un perfil propio.<\/span><\/p>\n","protected":false},"excerpt":{"rendered":"<p>Hasta el a\u00f1o 1982, pr\u00e1cticamente todo egresado de Nivel Secundario que aspirara cursar una carrera docente, deb\u00eda trasladarse hasta la ciudad de Lobos, viajando diariamente. Durante ese a\u00f1o distintos sectores de la comunidad, encabezados por el Intendente Municipal, Directivos y miembros Cooperadores de la Escuela Nacional de Comercio, autoridades educacionales de otras ramas, Centro Comercial &#8230; <a title=\"Historia\" class=\"read-more\" href=\"https:\/\/isfd66-bue.infd.edu.ar\/sitio\/historia\/\" aria-label=\"More on Historia\">[+]<\/a><\/p>\n","protected":false},"author":57,"featured_media":0,"parent":0,"menu_order":0,"comment_status":"closed","ping_status":"closed","template":"","meta":[],"acf":[],"_links":{"self":[{"href":"https:\/\/isfd66-bue.infd.edu.ar\/sitio\/wp-json\/wp\/v2\/pages\/798"}],"collection":[{"href":"https:\/\/isfd66-bue.infd.edu.ar\/sitio\/wp-json\/wp\/v2\/pages"}],"about":[{"href":"https:\/\/isfd66-bue.infd.edu.ar\/sitio\/wp-json\/wp\/v2\/types\/page"}],"author":[{"embeddable":true,"href":"https:\/\/isfd66-bue.infd.edu.ar\/sitio\/wp-json\/wp\/v2\/users\/57"}],"replies":[{"embeddable":true,"href":"https:\/\/isfd66-bue.infd.edu.ar\/sitio\/wp-json\/wp\/v2\/comments?post=798"}],"version-history":[{"count":1,"href":"https:\/\/isfd66-bue.infd.edu.ar\/sitio\/wp-json\/wp\/v2\/pages\/798\/revisions"}],"predecessor-version":[{"id":2045,"href":"https:\/\/isfd66-bue.infd.edu.ar\/sitio\/wp-json\/wp\/v2\/pages\/798\/revisions\/2045"}],"wp:attachment":[{"href":"https:\/\/isfd66-bue.infd.edu.ar\/sitio\/wp-json\/wp\/v2\/media?parent=798"}],"curies":[{"name":"wp","href":"https:\/\/api.w.org\/{rel}","templated":true}]}}