{"id":779,"date":"2018-08-29T17:05:24","date_gmt":"2018-08-29T20:05:24","guid":{"rendered":"https:\/\/isfd66-bue.infd.edu.ar\/sitio\/tecnicatura-superior-en-comunicacion-multimedial\/"},"modified":"2022-02-21T19:08:40","modified_gmt":"2022-02-21T22:08:40","slug":"tecnicatura-superior-en-comunicacion-multimedial","status":"publish","type":"page","link":"https:\/\/isfd66-bue.infd.edu.ar\/sitio\/tecnicatura-superior-en-comunicacion-multimedial\/","title":{"rendered":"Tecnicatura Superior en Comunicaci\u00f3n Multimedial"},"content":{"rendered":"<p style=\"text-align: justify;\">\u00a0<\/p>\n<h2 class=\"Resaltado1\" style=\"text-align: center;\">D\u00cdAS Y HORARIOS:<\/h2>\n<p style=\"text-align: center;\">\u00a0<\/p>\n<h2 class=\"Resaltado1\" style=\"text-align: center;\">DE LUNES A VIERNES DE 18:00 A 22:00<\/h2>\n<p style=\"text-align: justify;\">\u00a0<\/p>\n<p style=\"text-align: justify;\"><span style=\"font-size: 10pt;\">En un mundo de vertiginosos cambios sociales, econ\u00f3micos y culturales, con un papel preponderante de los medios de comunicaci\u00f3n, fuerte impacto de las nuevas tecnolog\u00edas y altos \u00edndices de desempleo, frente a un escenario social fragmentado y segmentado, son los propios docentes en ejercicio y la sociedad en su conjunto los que est\u00e1n reclamando al sistema un acompa\u00f1amiento en el proceso de reformulaci\u00f3n de competencias para el desempe\u00f1o profesional.<\/span><\/p>\n<p style=\"text-align: justify;\"><span style=\"font-size: 10pt;\">PERFIL PROFESIONAL<\/span><\/p>\n<p style=\"text-align: justify;\"><span style=\"font-size: 10pt;\">Competencia General<\/span><br \/><span style=\"font-size: 10pt;\">El T\u00e9cnico Superior en Comunicaci\u00f3n Multimedial estar\u00e1 capacitado para desarrollar actividades profesionales, individualmente o integrando equipos de trabajo, en lo referente a interpretaci\u00f3n, transformaci\u00f3n y transmisi\u00f3n de informaci\u00f3n mediante la aplicaci\u00f3n de tecnolog\u00edas multimediales y la utilizaci\u00f3n de aplicaciones inform\u00e1ticas en medios de comunicaci\u00f3n. Mediante la interacci\u00f3n con profesionales de \u00e1reas art\u00edsticas estar\u00e1 capacitado para dise\u00f1ar, compaginar y producir publicaciones visuales y gr\u00e1ficas.<\/span><br \/><span style=\"font-size: 10pt;\">Su perfil profesional implica la habilidad para la gesti\u00f3n integral de proyectos y el conocimiento de la legislaci\u00f3n vigente sobre derechos de autor y propiedad intelectual.<\/span><\/p>\n<p style=\"text-align: justify;\"><span style=\"font-size: 10pt;\">\u00c1reas de Competencia:<\/span><\/p>\n<ul>\n<li><span style=\"font-size: 10pt;\">Elaborar presentaciones organizacionales para cualquier medio.<\/span><\/li>\n<li><span style=\"font-size: 10pt;\">Desarrollar, publicar y mantener sitios Web.<\/span><\/li>\n<li><span style=\"font-size: 10pt;\">Dise\u00f1ar producciones editoriales.<\/span><\/li>\n<li><span style=\"font-size: 10pt;\">Producir y editar sonidos para medios de comunicaci\u00f3n.<\/span><\/li>\n<li><span style=\"font-size: 10pt;\">Digitalizar y editar im\u00e1genes y videos.<\/span><\/li>\n<li><span style=\"font-size: 10pt;\">Dise\u00f1ar estrategias de comercializaci\u00f3n de productos multimediales.<\/span><\/li>\n<\/ul>\n<p>Enlace a\u00a0\u00a0<a href=\"http:\/\/servicios.abc.gov.ar\/lainstitucion\/organismos\/consejogeneral\/tecnicatura\/res\/6179_03_comunicacion_multimedial.pdf\">Resoluci\u00f3n N\u00b0Res. 6179\/03<\/a><\/p>\n<h1>\u00a0<\/h1>\n<p>\u00a0<\/p>\n\n\n<figure class=\"wp-block-image size-large\"><img decoding=\"async\" loading=\"lazy\" width=\"666\" height=\"517\" src=\"https:\/\/isfd66-bue.infd.edu.ar\/sitio\/wp-content\/uploads\/2022\/02\/Captura.jpg\" alt=\"\" class=\"wp-image-1961\"\/><\/figure>\n","protected":false},"excerpt":{"rendered":"<p>\u00a0 D\u00cdAS Y HORARIOS: \u00a0 DE LUNES A VIERNES DE 18:00 A 22:00 \u00a0 En un mundo de vertiginosos cambios sociales, econ\u00f3micos y culturales, con un papel preponderante de los medios de comunicaci\u00f3n, fuerte impacto de las nuevas tecnolog\u00edas y altos \u00edndices de desempleo, frente a un escenario social fragmentado y segmentado, son los propios &#8230; <a title=\"Tecnicatura Superior en Comunicaci\u00f3n Multimedial\" class=\"read-more\" href=\"https:\/\/isfd66-bue.infd.edu.ar\/sitio\/tecnicatura-superior-en-comunicacion-multimedial\/\" aria-label=\"More on Tecnicatura Superior en Comunicaci\u00f3n Multimedial\">[+]<\/a><\/p>\n","protected":false},"author":57,"featured_media":0,"parent":0,"menu_order":0,"comment_status":"closed","ping_status":"closed","template":"","meta":[],"acf":[],"_links":{"self":[{"href":"https:\/\/isfd66-bue.infd.edu.ar\/sitio\/wp-json\/wp\/v2\/pages\/779"}],"collection":[{"href":"https:\/\/isfd66-bue.infd.edu.ar\/sitio\/wp-json\/wp\/v2\/pages"}],"about":[{"href":"https:\/\/isfd66-bue.infd.edu.ar\/sitio\/wp-json\/wp\/v2\/types\/page"}],"author":[{"embeddable":true,"href":"https:\/\/isfd66-bue.infd.edu.ar\/sitio\/wp-json\/wp\/v2\/users\/57"}],"replies":[{"embeddable":true,"href":"https:\/\/isfd66-bue.infd.edu.ar\/sitio\/wp-json\/wp\/v2\/comments?post=779"}],"version-history":[{"count":1,"href":"https:\/\/isfd66-bue.infd.edu.ar\/sitio\/wp-json\/wp\/v2\/pages\/779\/revisions"}],"predecessor-version":[{"id":1962,"href":"https:\/\/isfd66-bue.infd.edu.ar\/sitio\/wp-json\/wp\/v2\/pages\/779\/revisions\/1962"}],"wp:attachment":[{"href":"https:\/\/isfd66-bue.infd.edu.ar\/sitio\/wp-json\/wp\/v2\/media?parent=779"}],"curies":[{"name":"wp","href":"https:\/\/api.w.org\/{rel}","templated":true}]}}