{"id":778,"date":"2018-08-29T17:05:23","date_gmt":"2018-08-29T20:05:23","guid":{"rendered":"https:\/\/isfd66-bue.infd.edu.ar\/sitio\/tecnicatura-superior-en-hoteleria\/"},"modified":"2021-04-19T00:33:11","modified_gmt":"2021-04-19T03:33:11","slug":"tecnicatura-superior-en-hoteleria","status":"publish","type":"page","link":"https:\/\/isfd66-bue.infd.edu.ar\/sitio\/tecnicatura-superior-en-hoteleria\/","title":{"rendered":"Tecnicatura Superior en Hoteler\u00eda"},"content":{"rendered":"<p style=\"text-align: justify;\"><span style=\"font-size: 10pt;\">Este profesional debe estar capacitado para comprender la Actividad Tur\u00edstica como un todo y los\u00a0<\/span><span style=\"font-size: 10pt;\">impactos sociales, culturales, econ\u00f3micos, y ambientales, de modo tal que su quehacer contribuya al\u00a0<\/span><span style=\"font-size: 10pt;\">desarrollo del pa\u00eds, ejecutando tareas t\u00e9cnicas, estrat\u00e9gicas y operativas en \u00e1mbitos p\u00fablicos y privados.<\/span><br \/>\n<span style=\"font-size: 10pt;\">El gu\u00eda de turismo debe actuar de acuerdo con los c\u00f3digos de comportamiento social, empresarial y\u00a0<\/span><span style=\"font-size: 10pt;\">legal, adoptando las normas \u00e9ticas y morales que la funci\u00f3n exige. Asimismo comprender las diferentes\u00a0<\/span><span style=\"font-size: 10pt;\">formas que adopta la actividad en los distintos pa\u00edses.<\/span><br \/>\n<span style=\"font-size: 10pt;\">Utilizar correctamente razonamientos inductivos, deductivos y anal\u00f3gicos que faciliten la resoluci\u00f3n de\u00a0<\/span><span style=\"font-size: 10pt;\">conflictos. Por medio de la fundamentaci\u00f3n cient\u00edfica en los procesos y los sistemas tecnol\u00f3gicos.<\/span><\/p>\n<p style=\"text-align: justify;\">\n<span style=\"font-size: 10pt;\">PERFIL PROFESIONAL<\/span><br \/>\n<span style=\"font-size: 10pt;\">COMPETENCIA GENERAL<\/span><br \/>\n<span style=\"font-size: 10pt;\">El Gu\u00eda de Turismo estar\u00e1 capacitado para trabajar a nivel local, regional e internacional actuando en\u00a0<\/span><span style=\"font-size: 10pt;\">diferentes niveles en el proceso de investigaci\u00f3n, servucci\u00f3n, difusi\u00f3n, distribuci\u00f3n y prestaci\u00f3n de\u00a0<\/span><span style=\"font-size: 10pt;\">servicios para el tiempo libre que den respuesta a las necesidades de los visitantes, mediante un\u00a0<\/span><span style=\"font-size: 10pt;\">aprovechamiento integral de los recursos naturales y culturales. Se lo define como un profesional id\u00f3neo\u00a0<\/span><span style=\"font-size: 10pt;\">para interpretar y transmitir las variables temporales y espaciales del medio que lo rodea como\u00a0<\/span><span style=\"font-size: 10pt;\">conocedor del patrimonio natural y cultural y transmisor de informaci\u00f3n correspondiente. As\u00ed como l\u00edder\u00a0<\/span><span style=\"font-size: 10pt;\">situacional respondiendo a las necesidades conductuales y comportamentales inherentes a los grupos,\u00a0<\/span><span style=\"font-size: 10pt;\">a trav\u00e9s la utilizaci\u00f3n de las t\u00e9cnicas de animaci\u00f3n y recreaci\u00f3n y comunicaci\u00f3n que le competen. \u00c9ste\u00a0<\/span><span style=\"font-size: 10pt;\">deber\u00e1 asumir la responsabilidad por la intermediaci\u00f3n de los servicios tur\u00edsticos respondiendo a la\u00a0<\/span><span style=\"font-size: 10pt;\">figura del organizador por la que fueron contratados sus servicios profesionales.<\/span><\/p>\n<p>Enlace a <a href=\"https:\/\/isfd66-bue.infd.edu.ar\/sitio\/wp-content\/uploads\/2020\/11\/278-03_Hoteleria_RM.pdf\">Resoluci\u00f3n N\u00b0 278\/03<\/a><\/p>\n<p><img decoding=\"async\" loading=\"lazy\" class=\"alignnone size-full wp-image-1785\" src=\"https:\/\/isfd66-bue.infd.edu.ar\/sitio\/wp-content\/uploads\/2021\/04\/Hoteleria-correlatividades.jpg\" alt=\"\" width=\"500\" height=\"203\" \/><\/p>\n<p>&nbsp;<\/p>\n","protected":false},"excerpt":{"rendered":"<p>Este profesional debe estar capacitado para comprender la Actividad Tur\u00edstica como un todo y los\u00a0impactos sociales, culturales, econ\u00f3micos, y ambientales, de modo tal que su quehacer contribuya al\u00a0desarrollo del pa\u00eds, ejecutando tareas t\u00e9cnicas, estrat\u00e9gicas y operativas en \u00e1mbitos p\u00fablicos y privados. El gu\u00eda de turismo debe actuar de acuerdo con los c\u00f3digos de comportamiento social, &#8230; <a title=\"Tecnicatura Superior en Hoteler\u00eda\" class=\"read-more\" href=\"https:\/\/isfd66-bue.infd.edu.ar\/sitio\/tecnicatura-superior-en-hoteleria\/\" aria-label=\"More on Tecnicatura Superior en Hoteler\u00eda\">[+]<\/a><\/p>\n","protected":false},"author":57,"featured_media":0,"parent":0,"menu_order":0,"comment_status":"closed","ping_status":"closed","template":"","meta":[],"acf":[],"_links":{"self":[{"href":"https:\/\/isfd66-bue.infd.edu.ar\/sitio\/wp-json\/wp\/v2\/pages\/778"}],"collection":[{"href":"https:\/\/isfd66-bue.infd.edu.ar\/sitio\/wp-json\/wp\/v2\/pages"}],"about":[{"href":"https:\/\/isfd66-bue.infd.edu.ar\/sitio\/wp-json\/wp\/v2\/types\/page"}],"author":[{"embeddable":true,"href":"https:\/\/isfd66-bue.infd.edu.ar\/sitio\/wp-json\/wp\/v2\/users\/57"}],"replies":[{"embeddable":true,"href":"https:\/\/isfd66-bue.infd.edu.ar\/sitio\/wp-json\/wp\/v2\/comments?post=778"}],"version-history":[{"count":2,"href":"https:\/\/isfd66-bue.infd.edu.ar\/sitio\/wp-json\/wp\/v2\/pages\/778\/revisions"}],"predecessor-version":[{"id":1786,"href":"https:\/\/isfd66-bue.infd.edu.ar\/sitio\/wp-json\/wp\/v2\/pages\/778\/revisions\/1786"}],"wp:attachment":[{"href":"https:\/\/isfd66-bue.infd.edu.ar\/sitio\/wp-json\/wp\/v2\/media?parent=778"}],"curies":[{"name":"wp","href":"https:\/\/api.w.org\/{rel}","templated":true}]}}