{"id":776,"date":"2018-08-29T17:05:23","date_gmt":"2018-08-29T20:05:23","guid":{"rendered":"https:\/\/isfd66-bue.infd.edu.ar\/sitio\/tecnicatura-superior-en-higiene-y-seguridad-en-el-trabajo\/"},"modified":"2021-04-19T00:09:57","modified_gmt":"2021-04-19T03:09:57","slug":"tecnicatura-superior-en-higiene-y-seguridad-en-el-trabajo","status":"publish","type":"page","link":"https:\/\/isfd66-bue.infd.edu.ar\/sitio\/tecnicatura-superior-en-higiene-y-seguridad-en-el-trabajo\/","title":{"rendered":"Tecnicatura Superior en Higiene y Seguridad en el Trabajo"},"content":{"rendered":"<p style=\"text-align: justify;\">\n<h2 class=\"Resaltado1\" style=\"text-align: center;\">D\u00cdAS Y HORARIOS:<\/h2>\n<p style=\"text-align: center;\">\n<h2 class=\"Resaltado1\" style=\"text-align: center;\">DE LUNES A VIERNES DE 18:00 A 22:00<\/h2>\n<p style=\"text-align: justify;\">\n<p style=\"text-align: justify;\"><span style=\"font-size: 10pt;\">PERFIL PROFESIONAL<\/span><br \/>\n<span style=\"font-size: 10pt;\">COMPETENCIA GENERAL<\/span><br \/>\n<span style=\"font-size: 10pt;\">El T\u00e9cnico Superior en Seguridad e Higiene en el Trabajo es un profesional competente\u00a0para la organizaci\u00f3n, la planificaci\u00f3n y organizaci\u00f3n de actividades, el dise\u00f1o, la\u00a0gesti\u00f3n de los recursos de los servicios, la evaluaci\u00f3n y control y la capacitaci\u00f3n en\u00a0aspectos inherentes a la higiene y seguridad en el trabajo.<\/span><\/p>\n<p style=\"text-align: justify;\"><span style=\"font-size: 10pt;\">Puede dise\u00f1ar, inspeccionar y controlar equipos y elementos de protecci\u00f3n personal y\u00a0colectiva, como as\u00ed tambi\u00e9n; instalaciones en ambientes de trabajo en los que se desarrollen\u00a0actividades con riesgos asociados a iluminaci\u00f3n, ventilaci\u00f3n, radiaciones, carga t\u00e9rmica,\u00a0ruidos y vibraciones, incendios y\/o explosiones, transporte y\/o manipulaci\u00f3n de materiales,\u00a0contaminaci\u00f3n y afluentes industriales.<\/span><\/p>\n<p style=\"text-align: justify;\"><span style=\"font-size: 10pt;\">Realiza el an\u00e1lisis, evaluaci\u00f3n y control de situaciones en las que existen contaminantes qu\u00edmicos, biol\u00f3gicos, f\u00edsicos y ergon\u00f3micos en ambientes laborales. Colabora en la implementaci\u00f3n y desarrollo programas de trabajo en materia de higiene y seguridad laboral y programas de capacitaci\u00f3n para la prevenci\u00f3n y la protecci\u00f3n de riesgos laborales.<\/span><\/p>\n<p style=\"text-align: justify;\"><span style=\"font-size: 10pt;\">Asiste en la caracterizaci\u00f3n de puestos de trabajo, en funci\u00f3n de los riesgos laborales con intervenci\u00f3n en la selecci\u00f3n e ingreso de personal.<\/span><\/p>\n<p style=\"text-align: justify;\"><span style=\"font-size: 10pt;\">\u00c1REAS DE COMPETENCIA<\/span><\/p>\n<ul>\n<li style=\"text-align: justify;\"><span style=\"font-size: 10pt;\">Planificar y organizar actividades relacionadas con la seguridad e higiene en ambientes de trabajo.<\/span><\/li>\n<li style=\"text-align: justify;\"><span style=\"font-size: 10pt;\">Dise\u00f1ar procesos, puestos de trabajo, dispositivos, instalaciones, equipos y productos, con un enfoque preventivo y ergon\u00f3mico, para ser utilizados en \u00e1mbitos laborables.<\/span><\/li>\n<li style=\"text-align: justify;\"><span style=\"font-size: 10pt;\">Gestionar los recursos de los servicios de seguridad e higiene de las organizaciones, confeccionando la documentaci\u00f3n demandada por los organismos de fiscalizaci\u00f3n correspondientes.<\/span><\/li>\n<li style=\"text-align: justify;\"><span style=\"font-size: 10pt;\">Evaluar y controlar, realizando los procesos de medici\u00f3n y supervisi\u00f3n, de los aspectos relacionados con la higiene y seguridad en el trabajo.<\/span><\/li>\n<li style=\"text-align: justify;\"><span style=\"font-size: 10pt;\">Capacitar en la prevenci\u00f3n de riesgos y enfermedades profesionales, coordinando acciones con los distintos sectores de la organizaci\u00f3n productiva.<\/span><\/li>\n<\/ul>\n<p>Enlace a <a href=\"https:\/\/isfd66-bue.infd.edu.ar\/sitio\/wp-content\/uploads\/2020\/11\/Resolucion_320-13_TS_Higiene_y_Seguridad_en_el_Trabajo.pdf\">Resoluci\u00f3n N\u00b0 320\/13<\/a><\/p>\n<p><img decoding=\"async\" loading=\"lazy\" class=\"alignnone size-full wp-image-1776\" src=\"https:\/\/isfd66-bue.infd.edu.ar\/sitio\/wp-content\/uploads\/2021\/04\/Higiene-y-Seguridad-Correlativas.jpg\" alt=\"\" width=\"460\" height=\"204\" \/><\/p>\n<p>&nbsp;<\/p>\n","protected":false},"excerpt":{"rendered":"<p>D\u00cdAS Y HORARIOS: DE LUNES A VIERNES DE 18:00 A 22:00 PERFIL PROFESIONAL COMPETENCIA GENERAL El T\u00e9cnico Superior en Seguridad e Higiene en el Trabajo es un profesional competente\u00a0para la organizaci\u00f3n, la planificaci\u00f3n y organizaci\u00f3n de actividades, el dise\u00f1o, la\u00a0gesti\u00f3n de los recursos de los servicios, la evaluaci\u00f3n y control y la capacitaci\u00f3n en\u00a0aspectos inherentes &#8230; <a title=\"Tecnicatura Superior en Higiene y Seguridad en el Trabajo\" class=\"read-more\" href=\"https:\/\/isfd66-bue.infd.edu.ar\/sitio\/tecnicatura-superior-en-higiene-y-seguridad-en-el-trabajo\/\" aria-label=\"More on Tecnicatura Superior en Higiene y Seguridad en el Trabajo\">[+]<\/a><\/p>\n","protected":false},"author":57,"featured_media":0,"parent":0,"menu_order":0,"comment_status":"closed","ping_status":"closed","template":"","meta":[],"acf":[],"_links":{"self":[{"href":"https:\/\/isfd66-bue.infd.edu.ar\/sitio\/wp-json\/wp\/v2\/pages\/776"}],"collection":[{"href":"https:\/\/isfd66-bue.infd.edu.ar\/sitio\/wp-json\/wp\/v2\/pages"}],"about":[{"href":"https:\/\/isfd66-bue.infd.edu.ar\/sitio\/wp-json\/wp\/v2\/types\/page"}],"author":[{"embeddable":true,"href":"https:\/\/isfd66-bue.infd.edu.ar\/sitio\/wp-json\/wp\/v2\/users\/57"}],"replies":[{"embeddable":true,"href":"https:\/\/isfd66-bue.infd.edu.ar\/sitio\/wp-json\/wp\/v2\/comments?post=776"}],"version-history":[{"count":2,"href":"https:\/\/isfd66-bue.infd.edu.ar\/sitio\/wp-json\/wp\/v2\/pages\/776\/revisions"}],"predecessor-version":[{"id":1777,"href":"https:\/\/isfd66-bue.infd.edu.ar\/sitio\/wp-json\/wp\/v2\/pages\/776\/revisions\/1777"}],"wp:attachment":[{"href":"https:\/\/isfd66-bue.infd.edu.ar\/sitio\/wp-json\/wp\/v2\/media?parent=776"}],"curies":[{"name":"wp","href":"https:\/\/api.w.org\/{rel}","templated":true}]}}