{"id":774,"date":"2018-08-29T17:05:22","date_gmt":"2018-08-29T20:05:22","guid":{"rendered":"https:\/\/isfd66-bue.infd.edu.ar\/sitio\/profesorado-en-lengua-y-literatura\/"},"modified":"2021-04-18T23:48:18","modified_gmt":"2021-04-19T02:48:18","slug":"profesorado-en-lengua-y-literatura","status":"publish","type":"page","link":"https:\/\/isfd66-bue.infd.edu.ar\/sitio\/profesorado-en-lengua-y-literatura\/","title":{"rendered":"Profesorado en Lengua y Literatura"},"content":{"rendered":"<h2 class=\"Resaltado1\" style=\"text-align: center;\">D\u00cdAS Y HORARIOS:<\/h2>\n<h2 class=\"Resaltado1\" style=\"text-align: center;\">DE LUNES A VIERNES DE 8:00 A 13:00<\/h2>\n<p style=\"text-align: justify;\"><span style=\"font-size: 10pt;\">En las \u00faltimas d\u00e9cadas se han producido notables avances en los diferentes campos disciplinares y did\u00e1ctico-metodol\u00f3gicos que conforman la disciplina. En funci\u00f3n de los mismos, se propone un enfoque funcional de la gram\u00e1tica, con el que se posibilita la reflexi\u00f3n sobre el lenguaje mediante el estudio de los elementos que constituyen los discursos. En ese marco, cabe esperar el mejoramiento de las propias pr\u00e1cticas del alumno en tanto int\u00e9rprete y productor de diversidad de textos. Los textos se constituyen en dimensi\u00f3n estrat\u00e9gica de la formalizaci\u00f3n del pensamiento y la lengua asume el car\u00e1cter de realizaci\u00f3n, producto de una actividad, de un uso adecuado. La preparaci\u00f3n para su futura tarea espec\u00edfica, impone que el alumno reflexione acerca de las pr\u00e1cticas de lectura y escritura como pr\u00e1cticas sociales. En consecuencia, profundizar\u00e1 en el conocimiento de los procesos y de las estrategias propias de los actos de lectura, entendidos como procesos din\u00e1micos de interacci\u00f3n entre lector y texto. Debe conocer, tambi\u00e9n, las caracter\u00edsticas espec\u00edficas de la lengua escrita, las funciones que cumple en la sociedad y sus circunstancias de producci\u00f3n. El dominio de los discursos orales, considerado imprescindible, deber\u00e1 manifestarse tanto en el conocimiento de sus variadas formas y de las normas que regulan los intercambios sociales, cuanto en el uso solvente de la palabra propia y en la valoraci\u00f3n de la ajena. Asimismo, el egresado de esta carrera se habr\u00e1 apropiado del conocimiento del sistema de la lengua en sus distintos niveles: fonol\u00f3gico, morfol\u00f3gico, sint\u00e1ctico, sem\u00e1ntico y pragm\u00e1tico. El desarrollo tecnol\u00f3gico ha ampliado el campo de la comunicaci\u00f3n. En este contexto, adquieren importancia los aportes de la semi\u00f3tica para el estudio de los diferentes c\u00f3digos comunicacionales. En la Literatura, se manifiesta la integridad del lenguaje. Por lo tanto, el alumno conocer\u00e1 en profundidad las teor\u00edas literarias y la metodolog\u00eda adecuada para el descubrimiento personal de las caracter\u00edsticas espec\u00edficas de este tipo de expresi\u00f3n.<\/span><\/p>\n<p>Enlace a\u00a0\u00a0<a href=\"https:\/\/isfd66-bue.infd.edu.ar\/sitio\/wp-content\/uploads\/2020\/11\/Disen_o_del_Prof._de_Lengua_y_Literatura_2018-res-1862-17.pdf\">Resoluci\u00f3n N\u00b0 1862\/17<\/a><\/p>\n<h1 class=\"entry-title\">Correlatividades<\/h1>\n<p>&nbsp;<\/p>\n<p><img decoding=\"async\" loading=\"lazy\" class=\"alignnone size-full wp-image-1761\" src=\"https:\/\/isfd66-bue.infd.edu.ar\/sitio\/wp-content\/uploads\/2021\/04\/lengua-pagina-1-1.jpg\" alt=\"\" width=\"587\" height=\"767\" \/><\/p>\n<p><img decoding=\"async\" loading=\"lazy\" class=\"alignnone size-full wp-image-1758\" src=\"https:\/\/isfd66-bue.infd.edu.ar\/sitio\/wp-content\/uploads\/2021\/04\/lengua-pagina-2.jpg\" alt=\"\" width=\"579\" height=\"787\" \/><\/p>\n<p><img decoding=\"async\" loading=\"lazy\" class=\"alignnone size-full wp-image-1759\" src=\"https:\/\/isfd66-bue.infd.edu.ar\/sitio\/wp-content\/uploads\/2021\/04\/lengua-pagina-3.jpg\" alt=\"\" width=\"565\" height=\"737\" \/><\/p>\n<p>&nbsp;<\/p>\n<p>&nbsp;<\/p>\n","protected":false},"excerpt":{"rendered":"<p>D\u00cdAS Y HORARIOS: DE LUNES A VIERNES DE 8:00 A 13:00 En las \u00faltimas d\u00e9cadas se han producido notables avances en los diferentes campos disciplinares y did\u00e1ctico-metodol\u00f3gicos que conforman la disciplina. En funci\u00f3n de los mismos, se propone un enfoque funcional de la gram\u00e1tica, con el que se posibilita la reflexi\u00f3n sobre el lenguaje mediante &#8230; <a title=\"Profesorado en Lengua y Literatura\" class=\"read-more\" href=\"https:\/\/isfd66-bue.infd.edu.ar\/sitio\/profesorado-en-lengua-y-literatura\/\" aria-label=\"More on Profesorado en Lengua y Literatura\">[+]<\/a><\/p>\n","protected":false},"author":57,"featured_media":0,"parent":0,"menu_order":0,"comment_status":"closed","ping_status":"closed","template":"","meta":[],"acf":[],"_links":{"self":[{"href":"https:\/\/isfd66-bue.infd.edu.ar\/sitio\/wp-json\/wp\/v2\/pages\/774"}],"collection":[{"href":"https:\/\/isfd66-bue.infd.edu.ar\/sitio\/wp-json\/wp\/v2\/pages"}],"about":[{"href":"https:\/\/isfd66-bue.infd.edu.ar\/sitio\/wp-json\/wp\/v2\/types\/page"}],"author":[{"embeddable":true,"href":"https:\/\/isfd66-bue.infd.edu.ar\/sitio\/wp-json\/wp\/v2\/users\/57"}],"replies":[{"embeddable":true,"href":"https:\/\/isfd66-bue.infd.edu.ar\/sitio\/wp-json\/wp\/v2\/comments?post=774"}],"version-history":[{"count":13,"href":"https:\/\/isfd66-bue.infd.edu.ar\/sitio\/wp-json\/wp\/v2\/pages\/774\/revisions"}],"predecessor-version":[{"id":1763,"href":"https:\/\/isfd66-bue.infd.edu.ar\/sitio\/wp-json\/wp\/v2\/pages\/774\/revisions\/1763"}],"wp:attachment":[{"href":"https:\/\/isfd66-bue.infd.edu.ar\/sitio\/wp-json\/wp\/v2\/media?parent=774"}],"curies":[{"name":"wp","href":"https:\/\/api.w.org\/{rel}","templated":true}]}}