{"id":772,"date":"2018-08-29T17:05:21","date_gmt":"2018-08-29T20:05:21","guid":{"rendered":"https:\/\/isfd66-bue.infd.edu.ar\/sitio\/tecnicatura-superior-en-administracion-financiera\/"},"modified":"2022-02-21T18:57:02","modified_gmt":"2022-02-21T21:57:02","slug":"tecnicatura-superior-en-administracion-financiera","status":"publish","type":"page","link":"https:\/\/isfd66-bue.infd.edu.ar\/sitio\/tecnicatura-superior-en-administracion-financiera\/","title":{"rendered":"Tecnicatura Superior en Administraci\u00f3n Financiera"},"content":{"rendered":"<h2 class=\"Resaltado1\" style=\"text-align: center;\">D\u00cdAS Y HORARIOS:<\/h2>\n<h2 class=\"Resaltado1\" style=\"text-align: center;\">DE LUNES A VIERNES DE<\/h2>\n<h2 class=\"Resaltado1\" style=\"text-align: center;\">8:00 A 13:00 o 13:00 a 17:00<\/h2>\n<p style=\"text-align: justify;\"><span style=\"font-size: 10pt;\">Los T\u00e9cnicos Superiores en Administraci\u00f3n se encontraran capacitados para desenvolverse en las siguientes \u00e1reas de competencias: organizar, programar, ejecutar y controlar en las \u00e1reas de desarrollo de Direcci\u00f3n y planeamiento, Producci\u00f3n, Recursos Humanos, Compras, Ventas, Comercializaci\u00f3n, Financiaci\u00f3n, Contabilizaci\u00f3n, Gesti\u00f3n integral, dentro de los distintos tipos organizacionales<\/span><br \/>\n<span style=\"font-size: 10pt;\">Actuar de acuerdo con los c\u00f3digos de comportamiento social, empresarial y legal, adoptando las normas \u00e9ticas y morales que la funci\u00f3n exige y comprender las diferentes formas que adopta la actividad en los diferentes pa\u00edses<\/span><br \/>\n<span style=\"font-size: 10pt;\">Utilizar correctamente razonamientos inductivos, deductivos y anal\u00f3gicos que faciliten la resoluci\u00f3n de conflictos. Por medio de la fundamentaci\u00f3n cient\u00edfica en los procesos y sistemas tecnol\u00f3gicos.<\/span><br \/>\n<span style=\"font-size: 10pt;\">Este dise\u00f1o se ajusta a los criterios de la pol\u00edtica educativa de la provincia de Buenos Aires para las tecnicaturas de nivel superior que busca garantizar una formaci\u00f3n suficiente para cumplir con las competencias que demanda este sector productivo .<\/span><\/p>\n<p style=\"text-align: justify;\"><span style=\"font-size: 10pt;\">PERFIL PROFESIONAL<\/span><\/p>\n<p style=\"text-align: justify;\"><span style=\"font-size: 10pt;\">COMPETENCIA GENERAL:<\/span><br \/>\n<span style=\"font-size: 10pt;\">El T\u00e9cnico Superior en Administraci\u00f3n es un profesional que estar\u00e1 capacitado para desarrollar las competencias para: organizar, programar, ejecutar y controlar las operaciones comerciales, financieras y administrativas de la organizaci\u00f3n; elaborar, controlar y registrar el flujo de informaci\u00f3n; organizar y planificar los recursos referidos para desarrollar sus actividades interactuando con el entorno y participando en la toma de decisiones relacionadas con sus actividades. Coordinando equipos de traba-jo relacionado con su especialidad. Estas competencias ser\u00e1n desarrolladas seg\u00fan las incumbencias y las normas t\u00e9cnicas y legales que rigen su campo profesional.<\/span><\/p>\n<p style=\"text-align: justify;\"><span style=\"font-size: 10pt;\">\u00c1REAS DE COMPETENCIA<\/span><br \/>\n<span style=\"font-size: 10pt;\">Las \u00e1reas de competencia del T\u00e9cnico Superior en Administraci\u00f3n son las siguientes:<\/span><br \/>\n<span style=\"font-size: 10pt;\">1. Organizar, programar, las operaciones comerciales, financieras y administrativas de la organizaci\u00f3n.<\/span><br \/>\n<span style=\"font-size: 10pt;\">2. Ejecutar y controlar las operaciones comerciales, financieras y administrativas de la organizaci\u00f3n.<\/span><br \/>\n<span style=\"font-size: 10pt;\">3. Elaborar, controlar y registrar el flujo de informaci\u00f3n.<\/span><br \/>\n<span style=\"font-size: 10pt;\">4. Planificar los recursos requeridos para desarrollar sus actividades de la organizaci\u00f3n.<\/span><br \/>\n<span style=\"font-size: 10pt;\">5. Gestionar las decisiones relacionadas con sus actividades.<\/span><\/p>\n<p>Enlace a <a href=\"https:\/\/isfd66-bue.infd.edu.ar\/sitio\/wp-content\/uploads\/2020\/11\/Recolucion-de-Administracion-financiera-277-03.pdf\">Resoluci\u00f3n N\u00b0 277\/03<\/a><\/p>\n<h3>Correlatividades<\/h3>\n<p><img decoding=\"async\" loading=\"lazy\" class=\"alignnone size-full wp-image-1768\" src=\"https:\/\/isfd66-bue.infd.edu.ar\/sitio\/wp-content\/uploads\/2021\/04\/Financiera-correlatividades.jpg\" alt=\"\" width=\"571\" height=\"374\" \/><\/p>\n","protected":false},"excerpt":{"rendered":"<p>D\u00cdAS Y HORARIOS: DE LUNES A VIERNES DE 8:00 A 13:00 o 13:00 a 17:00 Los T\u00e9cnicos Superiores en Administraci\u00f3n se encontraran capacitados para desenvolverse en las siguientes \u00e1reas de competencias: organizar, programar, ejecutar y controlar en las \u00e1reas de desarrollo de Direcci\u00f3n y planeamiento, Producci\u00f3n, Recursos Humanos, Compras, Ventas, Comercializaci\u00f3n, Financiaci\u00f3n, Contabilizaci\u00f3n, Gesti\u00f3n integral, &#8230; <a title=\"Tecnicatura Superior en Administraci\u00f3n Financiera\" class=\"read-more\" href=\"https:\/\/isfd66-bue.infd.edu.ar\/sitio\/tecnicatura-superior-en-administracion-financiera\/\" aria-label=\"More on Tecnicatura Superior en Administraci\u00f3n Financiera\">[+]<\/a><\/p>\n","protected":false},"author":57,"featured_media":0,"parent":0,"menu_order":0,"comment_status":"closed","ping_status":"closed","template":"","meta":[],"acf":[],"_links":{"self":[{"href":"https:\/\/isfd66-bue.infd.edu.ar\/sitio\/wp-json\/wp\/v2\/pages\/772"}],"collection":[{"href":"https:\/\/isfd66-bue.infd.edu.ar\/sitio\/wp-json\/wp\/v2\/pages"}],"about":[{"href":"https:\/\/isfd66-bue.infd.edu.ar\/sitio\/wp-json\/wp\/v2\/types\/page"}],"author":[{"embeddable":true,"href":"https:\/\/isfd66-bue.infd.edu.ar\/sitio\/wp-json\/wp\/v2\/users\/57"}],"replies":[{"embeddable":true,"href":"https:\/\/isfd66-bue.infd.edu.ar\/sitio\/wp-json\/wp\/v2\/comments?post=772"}],"version-history":[{"count":5,"href":"https:\/\/isfd66-bue.infd.edu.ar\/sitio\/wp-json\/wp\/v2\/pages\/772\/revisions"}],"predecessor-version":[{"id":1959,"href":"https:\/\/isfd66-bue.infd.edu.ar\/sitio\/wp-json\/wp\/v2\/pages\/772\/revisions\/1959"}],"wp:attachment":[{"href":"https:\/\/isfd66-bue.infd.edu.ar\/sitio\/wp-json\/wp\/v2\/media?parent=772"}],"curies":[{"name":"wp","href":"https:\/\/api.w.org\/{rel}","templated":true}]}}