{"id":768,"date":"2018-08-29T17:05:20","date_gmt":"2018-08-29T20:05:20","guid":{"rendered":"https:\/\/isfd66-bue.infd.edu.ar\/sitio\/tecnicatura-superior-en-administracion-contable\/"},"modified":"2021-04-19T00:03:57","modified_gmt":"2021-04-19T03:03:57","slug":"tecnicatura-superior-en-administracion-contable","status":"publish","type":"page","link":"https:\/\/isfd66-bue.infd.edu.ar\/sitio\/tecnicatura-superior-en-administracion-contable\/","title":{"rendered":"Tecnicatura Superior en Administraci\u00f3n Contable"},"content":{"rendered":"<p style=\"text-align: justify;\">\n<h2 class=\"Resaltado1\" style=\"text-align: center;\">D\u00cdAS Y HORARIOS:<\/h2>\n<p style=\"text-align: center;\">\n<h2 class=\"Resaltado1\" style=\"text-align: center;\">DE LUNES A VIERNES DE 18:00 A 22:00<\/h2>\n<p style=\"text-align: justify;\">\n<p style=\"text-align: justify;\"><span style=\"font-size: 10pt;\">La Tecnicatura Superior en Administraci\u00f3n Contable tiene como finalidad formar personas capaces de comprender la complejidad de los sistemas administrativos, interpretar sus variaciones, respetar y aplicar la normativa legal vigente y generar proyectos y propuestas innovadoras que sean sustentables, y que contribuyan a la empleabilidad de los recursos humanos.<\/span><\/p>\n<p style=\"text-align: justify;\"><span style=\"font-size: 10pt;\">La gesti\u00f3n organizacional comprende las actividades en los distintos niveles o \u00e1reas de una organizaci\u00f3n que est\u00e9n relacionadas con las funciones que ata\u00f1en al sector contable, financiero, de recursos humanos, productivo, regulatorio, y el planeamiento de tareas y recursos que son necesarias para realizarlas.<\/span><\/p>\n<p style=\"text-align: justify;\"><span style=\"font-size: 10pt;\">Los T\u00e9cnicos Superiores en Administraci\u00f3n se encontrar\u00e1n capacitados para desenvolverse en las siguientes \u00e1reas de competencias: organizar, programar, ejecutar y controlar en las \u00e1reas de desarrollo de Direcci\u00f3n y planeamiento, Producci\u00f3n, Recursos Humanos, Compras, Ventas, Comercializaci\u00f3n, Financiaci\u00f3n, Contabilizaci\u00f3n, Gesti\u00f3n integral, dentro de los distintos tipos organizacionales.<\/span><\/p>\n<p style=\"text-align: justify;\"><span style=\"font-size: 10pt;\">Actuar de acuerdo con los c\u00f3digos de comportamiento social, empresarial y legal, adoptando las normas \u00e9ticas y morales que la funci\u00f3n exige.<\/span><\/p>\n<p style=\"text-align: justify;\"><span style=\"font-size: 10pt;\">Este dise\u00f1o se ajusta a los criterios de la pol\u00edtica educativa de la provincia de Buenos Aires para las tecnicaturas de nivel superior que busca garantizar una formaci\u00f3n suficiente para cumplir con las competencias que demanda este sector productivo.<\/span><\/p>\n<p><a href=\"https:\/\/isfd66-bue.infd.edu.ar\/sitio\/wp-content\/uploads\/2020\/11\/tecsupenadmincontabler273-03.pdf\">Enlace a Resoluci\u00f3n N\u00b0 273\/3<\/a><\/p>\n<p><img decoding=\"async\" loading=\"lazy\" class=\"alignnone size-full wp-image-1772\" src=\"https:\/\/isfd66-bue.infd.edu.ar\/sitio\/wp-content\/uploads\/2021\/04\/contable-correlatividades.jpg\" alt=\"\" width=\"465\" height=\"204\" \/><\/p>\n<p>&nbsp;<\/p>\n","protected":false},"excerpt":{"rendered":"<p>D\u00cdAS Y HORARIOS: DE LUNES A VIERNES DE 18:00 A 22:00 La Tecnicatura Superior en Administraci\u00f3n Contable tiene como finalidad formar personas capaces de comprender la complejidad de los sistemas administrativos, interpretar sus variaciones, respetar y aplicar la normativa legal vigente y generar proyectos y propuestas innovadoras que sean sustentables, y que contribuyan a la &#8230; <a title=\"Tecnicatura Superior en Administraci\u00f3n Contable\" class=\"read-more\" href=\"https:\/\/isfd66-bue.infd.edu.ar\/sitio\/tecnicatura-superior-en-administracion-contable\/\" aria-label=\"More on Tecnicatura Superior en Administraci\u00f3n Contable\">[+]<\/a><\/p>\n","protected":false},"author":57,"featured_media":0,"parent":0,"menu_order":0,"comment_status":"closed","ping_status":"closed","template":"","meta":[],"acf":[],"_links":{"self":[{"href":"https:\/\/isfd66-bue.infd.edu.ar\/sitio\/wp-json\/wp\/v2\/pages\/768"}],"collection":[{"href":"https:\/\/isfd66-bue.infd.edu.ar\/sitio\/wp-json\/wp\/v2\/pages"}],"about":[{"href":"https:\/\/isfd66-bue.infd.edu.ar\/sitio\/wp-json\/wp\/v2\/types\/page"}],"author":[{"embeddable":true,"href":"https:\/\/isfd66-bue.infd.edu.ar\/sitio\/wp-json\/wp\/v2\/users\/57"}],"replies":[{"embeddable":true,"href":"https:\/\/isfd66-bue.infd.edu.ar\/sitio\/wp-json\/wp\/v2\/comments?post=768"}],"version-history":[{"count":2,"href":"https:\/\/isfd66-bue.infd.edu.ar\/sitio\/wp-json\/wp\/v2\/pages\/768\/revisions"}],"predecessor-version":[{"id":1773,"href":"https:\/\/isfd66-bue.infd.edu.ar\/sitio\/wp-json\/wp\/v2\/pages\/768\/revisions\/1773"}],"wp:attachment":[{"href":"https:\/\/isfd66-bue.infd.edu.ar\/sitio\/wp-json\/wp\/v2\/media?parent=768"}],"curies":[{"name":"wp","href":"https:\/\/api.w.org\/{rel}","templated":true}]}}