{"id":761,"date":"2018-08-29T17:05:17","date_gmt":"2018-08-29T20:05:17","guid":{"rendered":"https:\/\/isfd66-bue.infd.edu.ar\/sitio\/profesorado-en-educacion-primaria\/"},"modified":"2021-01-28T23:28:49","modified_gmt":"2021-01-29T02:28:49","slug":"profesorado-en-educacion-primaria","status":"publish","type":"page","link":"https:\/\/isfd66-bue.infd.edu.ar\/sitio\/profesorado-en-educacion-primaria\/","title":{"rendered":"Profesorado en Educaci\u00f3n Primaria"},"content":{"rendered":"<h2 class=\"Resaltado1\" style=\"text-align: center;\"><span style=\"font-size: 10pt;\" data-mce-mark=\"1\">DIAS Y HORARIOS: <\/span><\/h2>\n<h2 class=\"Resaltado1\" style=\"text-align: center;\"><span style=\"font-size: 10pt;\" data-mce-mark=\"1\">DE LUNES A VIERNES DE 13:00 A 17:00<\/span><\/h2>\n<p style=\"text-align: justify;\"><span style=\"font-size: 10pt;\" data-mce-mark=\"1\">El instituto ofrece el Profesorado de Educaci\u00f3n Primaria como carrera abierta en forma permanente y cont\u00ednua.<\/span><\/p>\n<p style=\"text-align: justify;\"><span style=\"font-size: 10pt;\" data-mce-mark=\"1\">Si la educaci\u00f3n p\u00fablica fue una de las pol\u00edticas culturales centrales en la etapa de la organizaci\u00f3n\u00a0nacional y en los tiempos posteriores, hoy el docente es un actor clave para reconstruir el sentido\u00a0sociopol\u00edtico de la escuela p\u00fablica y a la educaci\u00f3n p\u00fablica como pol\u00edtica cultural; para no dejar las\u00a0pol\u00edticas culturales en manos del mercado ni de otros espacios corporativos.<\/span><br \/>\n<span style=\"font-size: 10pt;\" data-mce-mark=\"1\">Para cumplir tales prop\u00f3sitos, se propicia\u00a0la posibilidad de construir lineamientos prospectivos de manera continua, en una dial\u00e9ctica constante\u00a0entre el trabajo pedag\u00f3gico y los contextos en los que el mismo se materializa. Esta din\u00e1mica implica\u00a0un proceso que articula contextualizaci\u00f3n y especificaci\u00f3n curricular, que lleva a niveles sucesivos o\u00a0crecientes de especificaci\u00f3n a medida del acercamiento a la relaci\u00f3n pedag\u00f3gica en el aula.<\/span><\/p>\n<p style=\"text-align: justify;\"><span style=\"font-size: 10pt;\">Este trabajo es posible con la colaboraci\u00f3n de las Escuelas de Educaci\u00f3n Primaria del Distrito de Monte, los que reciben a los estudiantes del profesorado a\u00f1o tras a\u00f1o, permiti\u00e9ndoles realizar sus Pr\u00e1cticas y Residencias en los mismos.<\/span><\/p>\n<p>Enlace a\u00a0\u00a0<a href=\"http:\/\/servicios.abc.gov.ar\/lainstitucion\/organismos\/consejogeneral\/disenioscurriculares\/documentosdescarga\/dcurricularsuperior.pdf\">Resoluci\u00f3n N\u00b0 4154\/07<\/a><\/p>\n<p><img decoding=\"async\" loading=\"lazy\" class=\"alignnone size-full wp-image-1623\" src=\"https:\/\/isfd66-bue.infd.edu.ar\/sitio\/wp-content\/uploads\/2021\/01\/correlatividades-1.jpg\" alt=\"\" width=\"609\" height=\"852\" \/>\u00a0<img decoding=\"async\" loading=\"lazy\" class=\"alignnone size-full wp-image-1624\" src=\"https:\/\/isfd66-bue.infd.edu.ar\/sitio\/wp-content\/uploads\/2021\/01\/correlatividades-2.jpg\" alt=\"\" width=\"609\" height=\"860\" \/><\/p>\n<p>&nbsp;<\/p>\n","protected":false},"excerpt":{"rendered":"<p>DIAS Y HORARIOS: DE LUNES A VIERNES DE 13:00 A 17:00 El instituto ofrece el Profesorado de Educaci\u00f3n Primaria como carrera abierta en forma permanente y cont\u00ednua. Si la educaci\u00f3n p\u00fablica fue una de las pol\u00edticas culturales centrales en la etapa de la organizaci\u00f3n\u00a0nacional y en los tiempos posteriores, hoy el docente es un actor &#8230; <a title=\"Profesorado en Educaci\u00f3n Primaria\" class=\"read-more\" href=\"https:\/\/isfd66-bue.infd.edu.ar\/sitio\/profesorado-en-educacion-primaria\/\" aria-label=\"More on Profesorado en Educaci\u00f3n Primaria\">[+]<\/a><\/p>\n","protected":false},"author":57,"featured_media":0,"parent":0,"menu_order":0,"comment_status":"closed","ping_status":"closed","template":"","meta":[],"acf":[],"_links":{"self":[{"href":"https:\/\/isfd66-bue.infd.edu.ar\/sitio\/wp-json\/wp\/v2\/pages\/761"}],"collection":[{"href":"https:\/\/isfd66-bue.infd.edu.ar\/sitio\/wp-json\/wp\/v2\/pages"}],"about":[{"href":"https:\/\/isfd66-bue.infd.edu.ar\/sitio\/wp-json\/wp\/v2\/types\/page"}],"author":[{"embeddable":true,"href":"https:\/\/isfd66-bue.infd.edu.ar\/sitio\/wp-json\/wp\/v2\/users\/57"}],"replies":[{"embeddable":true,"href":"https:\/\/isfd66-bue.infd.edu.ar\/sitio\/wp-json\/wp\/v2\/comments?post=761"}],"version-history":[{"count":4,"href":"https:\/\/isfd66-bue.infd.edu.ar\/sitio\/wp-json\/wp\/v2\/pages\/761\/revisions"}],"predecessor-version":[{"id":1627,"href":"https:\/\/isfd66-bue.infd.edu.ar\/sitio\/wp-json\/wp\/v2\/pages\/761\/revisions\/1627"}],"wp:attachment":[{"href":"https:\/\/isfd66-bue.infd.edu.ar\/sitio\/wp-json\/wp\/v2\/media?parent=761"}],"curies":[{"name":"wp","href":"https:\/\/api.w.org\/{rel}","templated":true}]}}