{"id":747,"date":"2018-08-29T17:05:12","date_gmt":"2018-08-29T20:05:12","guid":{"rendered":"https:\/\/isfd66-bue.infd.edu.ar\/sitio\/el-instituto\/"},"modified":"2023-08-17T18:01:26","modified_gmt":"2023-08-17T21:01:26","slug":"el-instituto","status":"publish","type":"page","link":"https:\/\/isfd66-bue.infd.edu.ar\/sitio\/el-instituto\/","title":{"rendered":"El Instituto"},"content":{"rendered":"<p style=\"text-align: justify;\"><span style=\"font-family: verdana, geneva; font-size: 14pt; color: #993366;\"><strong>El ISFDyT N\u00b066 de Monte ofrece en la actualidad una diversidad de carreras tanto t\u00e9cnicas como docentes con el fin de dar respuesta a las necesidades de profesionales en aspectos como:<\/strong><\/span><\/p>\n<p style=\"text-align: justify;\"><span style=\"font-family: verdana, geneva; font-size: 14pt; color: #993366;\"><strong>Docentes: de los niveles inicial, primario, secundario y modalidad especial.<\/strong><\/span><\/p>\n<p style=\"text-align: justify;\"><span style=\"font-family: verdana, geneva; font-size: 14pt; color: #993366;\"><strong>T\u00e9cnicos: en relaci\u00f3n al turismo, administraci\u00f3n especializada en financiera, de PyMEs y contable, redes, comunicaci\u00f3n multimedial y gestor\u00eda.<\/strong><\/span><\/p>\n<p style=\"text-align: justify;\"><span style=\"font-family: verdana, geneva; font-size: 14pt; color: #993366;\"><strong>El Instituto tiene m\u00e1s de 500 alumnos cursando estas carreras, distribuidos en 26 secciones.<\/strong><\/span><\/p>\n","protected":false},"excerpt":{"rendered":"<p>El ISFDyT N\u00b066 de Monte ofrece en la actualidad una diversidad de carreras tanto t\u00e9cnicas como docentes con el fin de dar respuesta a las necesidades de profesionales en aspectos como: Docentes: de los niveles inicial, primario, secundario y modalidad especial. T\u00e9cnicos: en relaci\u00f3n al turismo, administraci\u00f3n especializada en financiera, de PyMEs y contable, redes, &#8230; <a title=\"El Instituto\" class=\"read-more\" href=\"https:\/\/isfd66-bue.infd.edu.ar\/sitio\/el-instituto\/\" aria-label=\"More on El Instituto\">[+]<\/a><\/p>\n","protected":false},"author":57,"featured_media":0,"parent":0,"menu_order":0,"comment_status":"closed","ping_status":"closed","template":"","meta":[],"acf":[],"_links":{"self":[{"href":"https:\/\/isfd66-bue.infd.edu.ar\/sitio\/wp-json\/wp\/v2\/pages\/747"}],"collection":[{"href":"https:\/\/isfd66-bue.infd.edu.ar\/sitio\/wp-json\/wp\/v2\/pages"}],"about":[{"href":"https:\/\/isfd66-bue.infd.edu.ar\/sitio\/wp-json\/wp\/v2\/types\/page"}],"author":[{"embeddable":true,"href":"https:\/\/isfd66-bue.infd.edu.ar\/sitio\/wp-json\/wp\/v2\/users\/57"}],"replies":[{"embeddable":true,"href":"https:\/\/isfd66-bue.infd.edu.ar\/sitio\/wp-json\/wp\/v2\/comments?post=747"}],"version-history":[{"count":1,"href":"https:\/\/isfd66-bue.infd.edu.ar\/sitio\/wp-json\/wp\/v2\/pages\/747\/revisions"}],"predecessor-version":[{"id":2044,"href":"https:\/\/isfd66-bue.infd.edu.ar\/sitio\/wp-json\/wp\/v2\/pages\/747\/revisions\/2044"}],"wp:attachment":[{"href":"https:\/\/isfd66-bue.infd.edu.ar\/sitio\/wp-json\/wp\/v2\/media?parent=747"}],"curies":[{"name":"wp","href":"https:\/\/api.w.org\/{rel}","templated":true}]}}