{"id":2173,"date":"2025-12-01T19:12:06","date_gmt":"2025-12-01T22:12:06","guid":{"rendered":"https:\/\/isfd66-bue.infd.edu.ar\/sitio\/?page_id=2173"},"modified":"2025-12-04T13:32:39","modified_gmt":"2025-12-04T16:32:39","slug":"inscripcion-a-carreras-2026","status":"publish","type":"page","link":"https:\/\/isfd66-bue.infd.edu.ar\/sitio\/inscripcion-a-carreras-2026\/","title":{"rendered":"INSCRIPCI\u00d3N A CARRERAS 2026"},"content":{"rendered":"\n<p><mark><strong><mark style=\"background-color:var(--accent)\" class=\"has-inline-color has-base-3-color\">CARRERAS<\/mark><\/strong><mark style=\"background-color:var(--accent)\" class=\"has-inline-color has-base-3-color\"><strong> <\/strong><\/mark><strong><mark style=\"background-color:var(--accent)\" class=\"has-inline-color has-base-3-color\">PARA EL CICLO LECTIVO 2026<\/mark><\/strong><\/mark><\/p>\n\n\n\n<p><strong>INSCRIPCIONES<\/strong><\/p>\n\n\n\n<h5 class=\"wp-block-heading\"><strong>\u2013 Debe entregar la documentaci\u00f3n requerida para confirmar la inscripci\u00f3n<\/strong><\/h5>\n\n\n\n<p><strong>Los aspirantes a las distintas carreras del ISFDyT N\u00ba 66 realizar\u00e1n su ingreso en 3 etapas, a realizarse en&nbsp; diciembre de 2025 y\/o febrero\/marzo de 2026, por favor, lea atentamente cada paso hasta el final de la p\u00e1gina.<\/strong><\/p>\n\n\n\n<p>&#8212;&#8212;&#8212;&#8212;&#8212;&#8212;&#8212;&#8212;&#8212;&#8212;&#8212;&#8212;&#8212;&#8212;&#8212;&#8212;&#8212;&#8212;&#8212;&#8212;&#8212;&#8212;&#8212;&#8212;&#8212;&#8212;&#8212;&#8212;&#8212;&#8212;&#8212;&#8212;&#8212;&#8212;&#8212;&#8212;&#8212;&#8212;&#8212;&#8212;&#8212;&#8212;&#8212;&#8212;&#8212;&#8212;&#8212;&#8212;&#8212;&#8212;&#8212;&#8212;&#8212;&#8212;&#8212;&#8212;&#8212;&#8212;&#8212;&#8212;&#8212;&#8212;&#8212;&#8212;&#8212;&#8212;&#8212;&#8212;&#8212;&#8212;&#8211;<\/p>\n\n\n\n<p class=\"has-text-color\" style=\"color:#f02727\"><strong>1\u00ba Etapa: Pre-Inscripci\u00f3n Institucional OnLine OBLIGATORIA&nbsp;<\/strong>&nbsp;&nbsp;<\/p>\n\n\n\n<h5 class=\"wp-block-heading\">Turno Tarde (13 hs a 17 hs)<\/h5>\n\n\n\n<ul>\n<li>Profesorado en Educaci\u00f3n Primaria \u2013&nbsp;<a rel=\"noreferrer noopener\" href=\"http:\/\/servicios.abc.gov.ar\/lainstitucion\/organismos\/consejogeneral\/disenioscurriculares\/documentosdescarga\/dcurricularsuperior.pdf\" target=\"_blank\">Resoluci\u00f3n 4154\/07<\/a><\/li>\n<\/ul>\n\n\n\n<p>Enlace para inscripci\u00f3n:\u00a0<a href=\"https:\/\/forms.gle\/319uZixmbz9SPRUc9\" target=\"_blank\" rel=\"noreferrer noopener\">https:\/\/forms.gle\/mNB7c6F2ZwsnrWF1A<\/a><\/p>\n\n\n\n<ul>\n<li>Profesorado en Educaci\u00f3n Inicial \u2013&nbsp;<a rel=\"noreferrer noopener\" href=\"http:\/\/servicios.abc.gov.ar\/lainstitucion\/organismos\/consejogeneral\/disenioscurriculares\/documentosdescarga\/dcurricularsuperior.pdf\" target=\"_blank\">Resoluci\u00f3n 4154\/07<\/a>&nbsp;<\/li>\n<\/ul>\n\n\n\n<p>Enlace para inscripci\u00f3n:\u00a0<a href=\"https:\/\/forms.gle\/no3D3Q457CmCjq8p9\" target=\"_blank\" rel=\"noreferrer noopener\">https:\/\/forms.gle\/N131vnYj9PtgC2Kg9<\/a><\/p>\n\n\n\n<ul>\n<li>Tecnicatura Superior en Administraci\u00f2n Contable \u2013<a rel=\"noreferrer noopener\" href=\"https:\/\/drive.google.com\/file\/d\/1Cnj0KZvywsJ-LrpIpe07tyb6J2o3QWyz\/view?usp=sharing\" target=\"_blank\">&nbsp;<\/a><a rel=\"noreferrer noopener\" href=\"https:\/\/abc.gob.ar\/secretarias\/sites\/default\/files\/2024-01\/TS%20en%20Administracion%20Contable.pdf\" target=\"_blank\">Resoluci\u00f3n 455\/23<\/a><\/li>\n<\/ul>\n\n\n\n<p>Enlace para inscripci\u00f3n <a rel=\"noreferrer noopener\" href=\"https:\/\/forms.gle\/gsfJyfc1PUQ4h95F6\" target=\"_blank\">https:\/\/forms.gle\/gsfJyfc1PUQ4h95F6<\/a><\/p>\n\n\n\n<ul>\n<li>Tecnicatura Superior en Tiempo Libre y Recreaci\u00f3n &#8211; <a href=\"https:\/\/abc.gob.ar\/secretarias\/sites\/default\/files\/2023-01\/Anexo%20I%20Res%203783-22%20Tiempo%20Libre%20y%20Recreaci%C3%B3n_compressed.pdf\">Resoluci\u00f3n  3783\/22<\/a><\/li>\n<\/ul>\n\n\n\n<p>Enlace para inscripci\u00f3n <a href=\"https:\/\/forms.gle\/eN6APzxWSKVxneqV6\">https:\/\/forms.gle\/eN6APzxWSKVxneqV6<\/a><\/p>\n\n\n\n<h5 class=\"wp-block-heading\">Turno Vespertino (18 hs a 22 hs)<\/h5>\n\n\n\n<ul>\n<li>Tecnicatura Superior en Agroecolog\u00eda \u2013<a rel=\"noreferrer noopener\" href=\"https:\/\/drive.google.com\/file\/d\/1Cnj0KZvywsJ-LrpIpe07tyb6J2o3QWyz\/view?usp=sharing\" target=\"_blank\">&nbsp;<\/a><a href=\"https:\/\/abc.gob.ar\/secretarias\/sites\/default\/files\/2023-01\/Anexo%20I%20Reso%203796-22%20Agroecolog%C3%ADa_compressed.pdf\">Resoluci\u00f3n &#8211; 3796-22<\/a><\/li>\n<\/ul>\n\n\n\n<p>Enlace para inscripci\u00f3n <a href=\"https:\/\/forms.gle\/z4v6jr6DGNa5xC7o6\">https:\/\/forms.gle\/z4v6jr6DGNa5xC7o6<\/a><\/p>\n\n\n\n<ul>\n<li>Tecnicatura Superior en Recursos Humanos \u2013<a rel=\"noreferrer noopener\" href=\"https:\/\/drive.google.com\/file\/d\/1Cnj0KZvywsJ-LrpIpe07tyb6J2o3QWyz\/view?usp=sharing\" target=\"_blank\">&nbsp;<\/a><a href=\"https:\/\/abc.gob.ar\/secretarias\/sites\/default\/files\/2025-04\/TS%20Recursos%20Humanos%205311-24.pdf\">Resoluci\u00f3n 5311\/24<\/a><\/li>\n<\/ul>\n\n\n\n<p>Enlace para inscripci\u00f3n <a href=\"https:\/\/forms.gle\/d5BZmNG6nieZwPLQ6\">https:\/\/forms.gle\/d5BZmNG6nieZwPLQ6<\/a><\/p>\n\n\n\n<p>&#8212;&#8212;&#8212;&#8212;&#8212;&#8212;&#8212;&#8212;&#8212;&#8212;&#8212;&#8212;&#8212;&#8212;&#8212;&#8212;&#8212;&#8212;&#8212;&#8212;&#8212;&#8212;&#8212;&#8212;&#8212;&#8212;&#8212;&#8212;&#8212;&#8212;&#8212;&#8212;&#8212;&#8212;&#8212;&#8212;&#8212;&#8212;&#8212;&#8212;&#8212;&#8212;&#8212;&#8212;&#8212;&#8212;&#8212;&#8212;&#8212;&#8212;&#8212;&#8212;&#8212;&#8212;&#8212;&#8212;&#8212;&#8212;&#8212;&#8212;&#8212;&#8212;&#8212;&#8212;&#8212;&#8212;&#8212;&#8212;&#8212;&#8212;&#8212;<\/p>\n\n\n\n<p class=\"has-text-color\" style=\"color:#f60d0d\"><strong>2\u00ba Etapa: Preparar Documentaci\u00f3n a presentar que se encuentra detallada a continuaci\u00f3n.<\/strong><\/p>\n\n\n\n<p><strong>Documentaci\u00f3n: (Entregar en Folio Oficio)<br>1.&nbsp;Ficha de Inscripci\u00f3n&nbsp;<a rel=\"noreferrer noopener\" href=\"https:\/\/drive.google.com\/file\/d\/1YxYob1lar4QCGe9OnYLrXUMJkbHxDSxB\/view?usp=sharing\" target=\"_blank\">(Descarga)<\/a><br>2. Fotocopia D.N.I.: 1 (Una) Imagen de frente y dorso.<br>3. Fotocopia Partida de Nacimiento.<br>4. 2 (Dos) Foto 4\u00d74.<br>5. Fotocopia de T\u00edtulo o constancia de t\u00edtulo en tr\u00e1mite o constancia de finalizaci\u00f3n de cursada.<br>&nbsp; \u2013 No debe adeudar materias al momento de dar el primer final de la carrera .<br>6. Certificado m\u00e9dico de buena salud (m\u00e9dico particular, salita u hospital<\/strong>).<strong> Luego durante la trayectoria  los estudiantes deberan complementar con ex\u00e1menes m\u00e9dicos clinicos, psicol\u00f3gicos, fonoaudiol\u00f3gicos y odontol\u00f3gicos.<\/strong><\/p>\n\n\n\n<p><\/p>\n\n\n\n<p>&#8212;&#8212;&#8212;&#8212;&#8212;&#8212;&#8212;&#8212;&#8212;&#8212;&#8212;&#8212;&#8212;&#8212;&#8212;&#8212;&#8212;&#8212;&#8212;&#8212;&#8212;&#8212;&#8212;&#8212;&#8212;&#8212;&#8212;&#8212;&#8212;&#8212;&#8212;&#8212;&#8212;&#8212;&#8212;&#8212;&#8212;&#8212;&#8212;&#8212;&#8212;&#8212;&#8212;&#8212;&#8212;&#8212;&#8212;&#8212;&#8212;&#8212;&#8212;&#8212;&#8212;&#8212;&#8212;&#8212;&#8212;&#8212;&#8212;&#8212;&#8212;&#8212;&#8212;&#8212;&#8212;&#8212;&#8212;&#8212;&#8212;&#8212;&#8212;&#8212;-<\/p>\n\n\n\n<p class=\"has-text-color\" style=\"color:#f83636\"><strong>3\u00ba Etapa:&nbsp; Inscripci\u00f3n (Entrega de Documentaci\u00f3n de forma presencial en la Instituci\u00f3n).<\/strong><\/p>\n\n\n\n<p><strong><br>\u2013 Item 1 al 6 para confirmar inscripci\u00f3n, de lo contrario su pre-inscripci\u00f3n ser\u00e1 desestimada.<\/strong><\/p>\n\n\n\n<p><strong>\u2013&nbsp;fecha l\u00edmite de inscripci\u00f3n 15 de Marzo 2026.<\/strong><\/p>\n\n\n\n<p class=\"has-text-align-center has-electric-grass-gradient-background has-background\"><strong><mark style=\"background-color:rgba(0, 0, 0, 0)\" class=\"has-inline-color has-base-3-color\">ASOCIACI\u00d3N COOPERADORA :<\/mark><\/strong><\/p>\n\n\n\n<p class=\"has-text-align-center has-electric-grass-gradient-background has-background\"><strong>SE PODRA ABONAR LA COOPERADORA DURANTE EL A\u00d1O O PERIODO DE INSCRIPCION EFECTIVA,&nbsp; &nbsp;SI BIEN ES UN PAGO VOLUNTARIO ES MUY NECESARIO PARA EL&nbsp;BUEN FUNCIONAMIENTO DE LA INSTITUCI\u00d3N.<\/strong><\/p>\n\n\n\n<p><\/p>\n","protected":false},"excerpt":{"rendered":"<p>CARRERAS PARA EL CICLO LECTIVO 2026 INSCRIPCIONES \u2013 Debe entregar la documentaci\u00f3n requerida para confirmar la inscripci\u00f3n Los aspirantes a las distintas carreras del ISFDyT N\u00ba 66 realizar\u00e1n su ingreso en 3 etapas, a realizarse en&nbsp; diciembre de 2025 y\/o febrero\/marzo de 2026, por favor, lea atentamente cada paso hasta el final de la p\u00e1gina. &#8230; <a title=\"INSCRIPCI\u00d3N A CARRERAS 2026\" class=\"read-more\" href=\"https:\/\/isfd66-bue.infd.edu.ar\/sitio\/inscripcion-a-carreras-2026\/\" aria-label=\"More on INSCRIPCI\u00d3N A CARRERAS 2026\">[+]<\/a><\/p>\n","protected":false},"author":68,"featured_media":0,"parent":0,"menu_order":0,"comment_status":"closed","ping_status":"closed","template":"","meta":[],"acf":[],"_links":{"self":[{"href":"https:\/\/isfd66-bue.infd.edu.ar\/sitio\/wp-json\/wp\/v2\/pages\/2173"}],"collection":[{"href":"https:\/\/isfd66-bue.infd.edu.ar\/sitio\/wp-json\/wp\/v2\/pages"}],"about":[{"href":"https:\/\/isfd66-bue.infd.edu.ar\/sitio\/wp-json\/wp\/v2\/types\/page"}],"author":[{"embeddable":true,"href":"https:\/\/isfd66-bue.infd.edu.ar\/sitio\/wp-json\/wp\/v2\/users\/68"}],"replies":[{"embeddable":true,"href":"https:\/\/isfd66-bue.infd.edu.ar\/sitio\/wp-json\/wp\/v2\/comments?post=2173"}],"version-history":[{"count":13,"href":"https:\/\/isfd66-bue.infd.edu.ar\/sitio\/wp-json\/wp\/v2\/pages\/2173\/revisions"}],"predecessor-version":[{"id":2188,"href":"https:\/\/isfd66-bue.infd.edu.ar\/sitio\/wp-json\/wp\/v2\/pages\/2173\/revisions\/2188"}],"wp:attachment":[{"href":"https:\/\/isfd66-bue.infd.edu.ar\/sitio\/wp-json\/wp\/v2\/media?parent=2173"}],"curies":[{"name":"wp","href":"https:\/\/api.w.org\/{rel}","templated":true}]}}