{"id":2003,"date":"2022-10-06T22:07:56","date_gmt":"2022-10-07T01:07:56","guid":{"rendered":"https:\/\/isfd66-bue.infd.edu.ar\/sitio\/?page_id=2003"},"modified":"2023-10-26T12:54:05","modified_gmt":"2023-10-26T15:54:05","slug":"carreras-2023","status":"publish","type":"page","link":"https:\/\/isfd66-bue.infd.edu.ar\/sitio\/carreras-2023\/","title":{"rendered":"CARRERAS 2023"},"content":{"rendered":"\n<h3 class=\"wp-block-heading\"><mark style=\"background-color:rgba(0, 0, 0, 0)\" class=\"has-inline-color has-vivid-green-cyan-color\"><strong>CARRERAS  PARA EL CICLO LECTIVO 2023<\/strong><br><\/mark><\/h3>\n\n\n\n<p><\/p>\n\n\n\n<p><\/p>\n\n\n\n<h3 class=\"wp-block-heading\"><strong><span class=\"has-inline-color has-vivid-green-cyan-color\">INSCRIPCIONES <\/span><\/strong><\/h3>\n\n\n\n<h5 class=\"wp-block-heading\"><strong>\u2013 Debe entregar la documentaci\u00f3n requerida para confirmar la inscripci\u00f3n <\/strong><\/h5>\n\n\n\n<p><strong>Los aspirantes a las distintas carreras del ISFDyT N\u00ba 66 realizar\u00e1n su ingreso en 3 etapas, a realizarse en&nbsp; diciembre de 2022 y\/o febrero\/marzo de 2023, por favor, lea atentamente cada paso hasta el final de la p\u00e1gina.<\/strong><\/p>\n\n\n\n<p><strong><span class=\"has-inline-color has-vivid-red-color\">1\u00ba Etapa: Pre-Inscripci\u00f3n Institucional OnLine OBLIGATORIA&nbsp;<\/span><\/strong>&nbsp;&nbsp; <\/p>\n\n\n\n<h5 class=\"wp-block-heading\">Turno Ma\u00f1ana (8 hs a 12 hs)<\/h5>\n\n\n\n<ul>\n<li>Tecnicatura Superior en Acompa\u00f1amiento Terap\u00e9utico \u2013&nbsp; <a href=\"https:\/\/drive.google.com\/file\/d\/1iZ-NU5l0YD_uaDcDZ3lDivE-s__Vtw0p\/view?usp=sharing\">Resoluci\u00f3n 1221-15<\/a><\/li>\n<\/ul>\n\n\n\n<p>Enlace para inscripcion: <a href=\"https:\/\/forms.gle\/nuN2ZxxPGt5FTMh2A\" data-type=\"URL\" data-id=\"https:\/\/forms.gle\/nuN2ZxxPGt5FTMh2A\" target=\"_blank\" rel=\"noreferrer noopener\">https:\/\/forms.gle\/nuN2ZxxPGt5FTMh2A<\/a><\/p>\n\n\n\n<h5 class=\"wp-block-heading\">Turno Tarde (13 hs a 17 hs)<\/h5>\n\n\n\n<ul>\n<li>Profesorado en Educaci\u00f3n Primaria \u2013&nbsp;<a rel=\"noreferrer noopener\" href=\"http:\/\/servicios.abc.gov.ar\/lainstitucion\/organismos\/consejogeneral\/disenioscurriculares\/documentosdescarga\/dcurricularsuperior.pdf\" target=\"_blank\">Resoluci\u00f3n 4154\/07<\/a><\/li>\n<\/ul>\n\n\n\n<p>Enlace para inscripcion: <a rel=\"noreferrer noopener\" href=\"https:\/\/forms.gle\/1xQDdL2rwBS8i1zc8\" target=\"_blank\">https:\/\/forms.gle\/1xQDdL2rwBS8i1zc8<\/a><\/p>\n\n\n\n<ul>\n<li>Profesorado en Educaci\u00f3n Inicial \u2013&nbsp;<a rel=\"noreferrer noopener\" href=\"http:\/\/servicios.abc.gov.ar\/lainstitucion\/organismos\/consejogeneral\/disenioscurriculares\/documentosdescarga\/dcurricularsuperior.pdf\" target=\"_blank\">Resoluci\u00f3n 4154\/07<\/a><\/li>\n<\/ul>\n\n\n\n<p>Enlace para inscripcion: <a href=\"https:\/\/forms.gle\/7ukU2UBeViXQDPSe7\" target=\"_blank\" rel=\"noreferrer noopener\">https:\/\/forms.gle\/7ukU2UBeViXQDPSe7<\/a><\/p>\n\n\n\n<ul>\n<li>Tecnicatura Superior en Administraci\u00f3n Orientaci\u00f3n Cooperativas y Mutuales\u2013&nbsp;<a rel=\"noreferrer noopener\" href=\"http:\/\/servicios.abc.gov.ar\/lainstitucion\/organismos\/consejogeneral\/tecnicatura\/res\/administracion\/admconorientcoopymut_res4033_05.pdf\" target=\"_blank\">Resoluci\u00f3n 4033\/05<\/a><\/li>\n<\/ul>\n\n\n\n<p>Enlace para inscripcion: <a rel=\"noreferrer noopener\" href=\"https:\/\/forms.gle\/dB3prAhD5yZ3PdUo7\" target=\"_blank\">https:\/\/forms.gle\/dB3prAhD5yZ3PdUo7<\/a><\/p>\n\n\n\n<h5 class=\"wp-block-heading\">Turno Vespertino (18 hs a 22 hs)<\/h5>\n\n\n\n<ul>\n<li>Profesorado de Educaci\u00f3n Secundaria en Econom\u00eda \u2013&nbsp;<a rel=\"noreferrer noopener\" href=\"https:\/\/drive.google.com\/file\/d\/1e3t_pM1sEisT7WMbGY7TQ15SZIlI3VD_\/view?usp=sharing\" target=\"_blank\">&nbsp;<strong>Borrador<\/strong><\/a><a rel=\"noreferrer noopener\" href=\"https:\/\/drive.google.com\/file\/d\/1e3t_pM1sEisT7WMbGY7TQ15SZIlI3VD_\/view?usp=sharing\" target=\"_blank\"><strong> <\/strong><\/a><a rel=\"noreferrer noopener\" href=\"https:\/\/drive.google.com\/file\/d\/1e3t_pM1sEisT7WMbGY7TQ15SZIlI3VD_\/view?usp=sharing\" target=\"_blank\"><strong>d<\/strong><\/a><a href=\"https:\/\/drive.google.com\/file\/d\/1e3t_pM1sEisT7WMbGY7TQ15SZIlI3VD_\/view?usp=sharing\" target=\"_blank\" rel=\"noreferrer noopener\"><strong>e<\/strong><\/a><a rel=\"noreferrer noopener\" href=\"https:\/\/drive.google.com\/file\/d\/1e3t_pM1sEisT7WMbGY7TQ15SZIlI3VD_\/view?usp=sharing\" target=\"_blank\"><strong> Nuevo Dise\u00f1o Curricular 2023<\/strong><\/a><\/li>\n<\/ul>\n\n\n\n<p>Enlace para inscripcion: <a rel=\"noreferrer noopener\" href=\"https:\/\/forms.gle\/R7TVa4dUYuuyY5Cs9\" target=\"_blank\">https:\/\/forms.gle\/R7TVa4dUYuuyY5Cs9<\/a><\/p>\n\n\n\n<ul>\n<li>Tecnicatura Superior en Energ\u00eda El\u00e9ctrica con orientaci\u00f3n en distribuci\u00f3n y transporte de electricidad\u2013&nbsp;<a rel=\"noreferrer noopener\" href=\"https:\/\/drive.google.com\/file\/d\/1cALh-WRJUbpvKXzhDMQFBjqXjZL1K8HA\/view?usp=sharing\" target=\"_blank\">Resoluci\u00f3n 4973\/19<\/a><\/li>\n<\/ul>\n\n\n\n<p>Enlace para inscripcion: <a href=\"https:\/\/forms.gle\/jtE7W7cfnwcdy67SA\" target=\"_blank\" rel=\"noreferrer noopener\">https:\/\/forms.gle\/jtE7W7cfnwcdy67SA<\/a><\/p>\n\n\n\n<ul>\n<li>Tecnicatura Superior en Producci\u00f3n Agr\u00edcola Ganadera \u2013<a rel=\"noreferrer noopener\" href=\"https:\/\/drive.google.com\/file\/d\/1Cnj0KZvywsJ-LrpIpe07tyb6J2o3QWyz\/view?usp=sharing\" target=\"_blank\">&nbsp;<\/a><a rel=\"noreferrer noopener\" href=\"https:\/\/drive.google.com\/file\/d\/15IkwJEy5QHF2laPnAAHwCVf9Y3ZfM832\/view?usp=sharing\" target=\"_blank\">Resoluci\u00f3n 4343-201<\/a><a href=\"https:\/\/drive.google.com\/file\/d\/15IkwJEy5QHF2laPnAAHwCVf9Y3ZfM832\/view?usp=sharing\">9<\/a><\/li>\n<\/ul>\n\n\n\n<p>Enlace para inscripcion: <a href=\"https:\/\/forms.gle\/zNcKQB9xCxyygbTX7\" target=\"_blank\" rel=\"noreferrer noopener\">https:\/\/forms.gle\/zNcKQB9xCxyygbTX7<\/a><\/p>\n\n\n\n<p><\/p>\n\n\n\n<hr class=\"wp-block-separator has-css-opacity\"\/>\n\n\n\n<p><strong><span class=\"has-inline-color has-vivid-red-color\">2\u00ba Etapa: Preparar Documentaci\u00f3n a presentar que se encuentra detallada a continuaci\u00f3n.<\/span><\/strong><\/p>\n\n\n\n<p><strong>Documentaci\u00f3n: (Entregar en Folio Oficio)<br>1.&nbsp;Ficha de Inscripci\u00f3n <a href=\"https:\/\/isfd66-bue.infd.edu.ar\/sitio\/wp-content\/uploads\/2020\/09\/A1_editable.pdf\">(Descarga)<\/a><br>2. Fotocopia D.N.I.: 1 (Una) Imagen de frente y dorso.<br>3. Fotocopia Partida de Nacimiento.<br>4. 2 (Dos) Foto 4\u00d74.<br>5. Fotocopia de T\u00edtulo o constancia de t\u00edtulo en tr\u00e1mite o constancia de finalizaci\u00f3n de cursada.<br>&nbsp; \u2013 No debe adeudar materias del Nivel Secundario al 31\/05\/2023.<br>6. Certificado m\u00e9dico de buena salud (m\u00e9dico particular, salita u hospital)<\/strong><\/p>\n\n\n\n<hr class=\"wp-block-separator has-css-opacity\"\/>\n\n\n\n<p><strong><span class=\"has-inline-color has-vivid-red-color\">3\u00ba Etapa:&nbsp; Inscripci\u00f3n (Entrega de Documentaci\u00f3n de forma presencial en la Instituci\u00f3n).<\/span><\/strong><\/p>\n\n\n\n<p><strong><br>\u2013 Item 1 al 6 para confirmar inscripci\u00f3n, de lo contrario su pre-inscripci\u00f3n ser\u00e1 desestimada.<\/strong><\/p>\n\n\n\n<p><strong>\u2013&nbsp;fecha l\u00edmite de inscripci\u00f3n 23 de Marzo 2023.<\/strong> <\/p>\n\n\n\n<p class=\"has-text-align-center has-pale-pink-background-color has-background\"><strong>ASOCIACI\u00d3N COOPERADORA :<\/strong><\/p>\n\n\n\n<p class=\"has-text-align-center has-pale-pink-background-color has-background\"><strong>EL MONTO ANUAL $ 1500 (2023) PARA TODAS LAS CARRERAS,&nbsp; &nbsp;SI BIEN ES UN PAGO VOLUNTARIO ES MUY NECESARIO PARA EL <strong>BUEN FUNCIONAMIENTO DE LA INSTITUCI\u00d3N.<\/strong> <\/strong><\/p>\n\n\n\n<p class=\"has-text-align-center\"><\/p>\n","protected":false},"excerpt":{"rendered":"<p>CARRERAS PARA EL CICLO LECTIVO 2023 INSCRIPCIONES \u2013 Debe entregar la documentaci\u00f3n requerida para confirmar la inscripci\u00f3n Los aspirantes a las distintas carreras del ISFDyT N\u00ba 66 realizar\u00e1n su ingreso en 3 etapas, a realizarse en&nbsp; diciembre de 2022 y\/o febrero\/marzo de 2023, por favor, lea atentamente cada paso hasta el final de la p\u00e1gina. &#8230; <a title=\"CARRERAS 2023\" class=\"read-more\" href=\"https:\/\/isfd66-bue.infd.edu.ar\/sitio\/carreras-2023\/\" aria-label=\"More on CARRERAS 2023\">[+]<\/a><\/p>\n","protected":false},"author":68,"featured_media":0,"parent":0,"menu_order":0,"comment_status":"closed","ping_status":"closed","template":"","meta":[],"acf":[],"_links":{"self":[{"href":"https:\/\/isfd66-bue.infd.edu.ar\/sitio\/wp-json\/wp\/v2\/pages\/2003"}],"collection":[{"href":"https:\/\/isfd66-bue.infd.edu.ar\/sitio\/wp-json\/wp\/v2\/pages"}],"about":[{"href":"https:\/\/isfd66-bue.infd.edu.ar\/sitio\/wp-json\/wp\/v2\/types\/page"}],"author":[{"embeddable":true,"href":"https:\/\/isfd66-bue.infd.edu.ar\/sitio\/wp-json\/wp\/v2\/users\/68"}],"replies":[{"embeddable":true,"href":"https:\/\/isfd66-bue.infd.edu.ar\/sitio\/wp-json\/wp\/v2\/comments?post=2003"}],"version-history":[{"count":20,"href":"https:\/\/isfd66-bue.infd.edu.ar\/sitio\/wp-json\/wp\/v2\/pages\/2003\/revisions"}],"predecessor-version":[{"id":2121,"href":"https:\/\/isfd66-bue.infd.edu.ar\/sitio\/wp-json\/wp\/v2\/pages\/2003\/revisions\/2121"}],"wp:attachment":[{"href":"https:\/\/isfd66-bue.infd.edu.ar\/sitio\/wp-json\/wp\/v2\/media?parent=2003"}],"curies":[{"name":"wp","href":"https:\/\/api.w.org\/{rel}","templated":true}]}}