{"id":1970,"date":"2022-02-22T19:04:48","date_gmt":"2022-02-22T22:04:48","guid":{"rendered":"https:\/\/isfd66-bue.infd.edu.ar\/sitio\/?page_id=1970"},"modified":"2022-02-22T19:04:48","modified_gmt":"2022-02-22T22:04:48","slug":"tecnicatura-superior-en-gestion-ambiental-y-salud","status":"publish","type":"page","link":"https:\/\/isfd66-bue.infd.edu.ar\/sitio\/tecnicatura-superior-en-gestion-ambiental-y-salud\/","title":{"rendered":"Tecnicatura Superior en Gesti\u00f3n Ambiental y Salud"},"content":{"rendered":"\n<p><\/p>\n\n\n\n<h2 class=\"has-text-align-center wp-block-heading\">D\u00cdAS Y HORARIOS:<\/h2>\n\n\n\n<h2 class=\"has-text-align-center wp-block-heading\">DE LUNES A VIERNES DE 18:00 A 22:00<\/h2>\n\n\n\n<p>PERFIL PROFESIONAL<br>COMPETENCIA GENERAL<\/p>\n\n\n\n<p>Es el profesional con formaci\u00f3n cient\u00edfica, tecnol\u00f3gica y \u00e9tica, competente para la intervenci\u00f3n en los procesos t\u00e9cnicos espec\u00edficos del campo de la gesti\u00f3n ambiental.<br>Dise\u00f1ar\u00e1 y ejecutar\u00e1 planes y programas tendientes a la vigilancia ambiental y sanitaria, en \u00e1mbitos urbanos y rurales. Asimismo, coordinar\u00e1 actividades de protecci\u00f3n y promoci\u00f3n de la salud ambiental e implementar\u00e1 estrategias de atenci\u00f3n primaria ambiental.<\/p>\n\n\n\n<p>\u00c1REAS Y SUB\u00c1REAS DE COMPETENCIA<\/p>\n\n\n\n<p>1.Dise\u00f1ar acciones de control ambiental.<br>   1.1 Realizar diagn\u00f3sticos ambientales<br>   1.2 Dise\u00f1ar planes, programas y\/o proyectos<br>   1.3 Diagramar y coordinar la b\u00fasqueda y recolecci\u00f3n de datos<\/p>\n\n\n\n<ol start=\"2\"><li>Organizar y coordinar acciones de gesti\u00f3n ambiental.<br>2.1 Organizar los recursos humanos y materiales<br>2.2 Gestionar programas de educaci\u00f3n ambiental y sanitaria<br>2.3 Gestionar informaci\u00f3n sobre problem\u00e1ticas ambientales.<\/li><li>Ejecutar acciones de gesti\u00f3n ambiental.<br>3.1 Implementar estrategias de atenci\u00f3n ambiental y sanitaria.<br>3.2 Realizar estudios e informes sobre problemas ambientales<br>3.3 Ejecutar monitoreos ambientales<\/li><li>Evaluar condiciones ambientales y planes de gesti\u00f3n.<\/li><\/ol>\n\n\n\n<p>4.1 Realizar un seguimiento y monitoreo en cada etapa de implementaci\u00f3n de los planes<br>o programas de gesti\u00f3n ambiental<br>4.2 Evaluar la incidencia de las acciones implementadas<br>4.3 Controlar la aplicaci\u00f3n de la legislaci\u00f3n ambiental y sanitaria<br>4.4 Controlar la calidad de afluentes l\u00edquidos, residuos s\u00f3lidos y semis\u00f3lidos, emisiones<br>gaseosas.<\/p>\n\n\n\n<figure class=\"wp-block-image size-large\"><img decoding=\"async\" loading=\"lazy\" width=\"565\" height=\"544\" src=\"https:\/\/isfd66-bue.infd.edu.ar\/sitio\/wp-content\/uploads\/2022\/02\/Captura-1.jpg\" alt=\"\" class=\"wp-image-1972\"\/><\/figure>\n","protected":false},"excerpt":{"rendered":"<p>D\u00cdAS Y HORARIOS: DE LUNES A VIERNES DE 18:00 A 22:00 PERFIL PROFESIONALCOMPETENCIA GENERAL Es el profesional con formaci\u00f3n cient\u00edfica, tecnol\u00f3gica y \u00e9tica, competente para la intervenci\u00f3n en los procesos t\u00e9cnicos espec\u00edficos del campo de la gesti\u00f3n ambiental.Dise\u00f1ar\u00e1 y ejecutar\u00e1 planes y programas tendientes a la vigilancia ambiental y sanitaria, en \u00e1mbitos urbanos y rurales. &#8230; <a title=\"Tecnicatura Superior en Gesti\u00f3n Ambiental y Salud\" class=\"read-more\" href=\"https:\/\/isfd66-bue.infd.edu.ar\/sitio\/tecnicatura-superior-en-gestion-ambiental-y-salud\/\" aria-label=\"More on Tecnicatura Superior en Gesti\u00f3n Ambiental y Salud\">[+]<\/a><\/p>\n","protected":false},"author":68,"featured_media":0,"parent":0,"menu_order":0,"comment_status":"closed","ping_status":"closed","template":"","meta":[],"acf":[],"_links":{"self":[{"href":"https:\/\/isfd66-bue.infd.edu.ar\/sitio\/wp-json\/wp\/v2\/pages\/1970"}],"collection":[{"href":"https:\/\/isfd66-bue.infd.edu.ar\/sitio\/wp-json\/wp\/v2\/pages"}],"about":[{"href":"https:\/\/isfd66-bue.infd.edu.ar\/sitio\/wp-json\/wp\/v2\/types\/page"}],"author":[{"embeddable":true,"href":"https:\/\/isfd66-bue.infd.edu.ar\/sitio\/wp-json\/wp\/v2\/users\/68"}],"replies":[{"embeddable":true,"href":"https:\/\/isfd66-bue.infd.edu.ar\/sitio\/wp-json\/wp\/v2\/comments?post=1970"}],"version-history":[{"count":3,"href":"https:\/\/isfd66-bue.infd.edu.ar\/sitio\/wp-json\/wp\/v2\/pages\/1970\/revisions"}],"predecessor-version":[{"id":1974,"href":"https:\/\/isfd66-bue.infd.edu.ar\/sitio\/wp-json\/wp\/v2\/pages\/1970\/revisions\/1974"}],"wp:attachment":[{"href":"https:\/\/isfd66-bue.infd.edu.ar\/sitio\/wp-json\/wp\/v2\/media?parent=1970"}],"curies":[{"name":"wp","href":"https:\/\/api.w.org\/{rel}","templated":true}]}}