{"id":1788,"date":"2021-04-19T00:39:31","date_gmt":"2021-04-19T03:39:31","guid":{"rendered":"https:\/\/isfd66-bue.infd.edu.ar\/sitio\/?page_id=1788"},"modified":"2021-04-19T00:48:52","modified_gmt":"2021-04-19T03:48:52","slug":"tecnicatura-superior-en-analisis-de-sistemas","status":"publish","type":"page","link":"https:\/\/isfd66-bue.infd.edu.ar\/sitio\/tecnicatura-superior-en-analisis-de-sistemas\/","title":{"rendered":"Tecnicatura Superior en An\u00e1lisis de Sistemas"},"content":{"rendered":"<h2 class=\"Resaltado1\" style=\"text-align: center;\">D\u00cdAS Y HORARIOS:<\/h2>\n<h2 class=\"Resaltado1\" style=\"text-align: center;\">DE LUNES A VIERNES DE 18:00 A 22:00<\/h2>\n<p>&nbsp;<\/p>\n<p>La Tecnicatura Superior en An\u00e1lisis de Sistemas se plantea como finalidad general una formaci\u00f3n integral que promueva en los estudiantes la construcci\u00f3n de las herramientas intelectuales y pr\u00e1cticas necesarias para la operaci\u00f3n, programaci\u00f3n y el an\u00e1lisis de sistemas inform\u00e1ticos, fortalecer su identidad como analistas de sistemas y la elaboraci\u00f3n de perspectivas \u00e9ticas en el desarrollo de su tarea. Se propone la confluencia de saberes y habilidades t\u00e9cnicas con el conocimiento profundo y amplio que requiere el desempe\u00f1o en este campo laboral.<\/p>\n<p>Perfil de Egreso:\u00a0El egresado de la Tecnicatura Superior en An\u00e1lisis de Sistemas estar\u00e1 en condiciones de desempe\u00f1ar las siguientes funciones:<\/p>\n<ul>\n<li>Analizar e interpretar las necesidades operativas, de informaci\u00f3n o de servicios de las organizaciones en lo referente a sus requerimientos inform\u00e1ticos.<\/li>\n<li>En base al an\u00e1lisis de las necesidades inform\u00e1ticas de los usuarios:\n<ul>\n<li>Asesorar en la elecci\u00f3n y\/o adquisici\u00f3n de software existente en el mercado, actuando bajo las normativas vigentes.<\/li>\n<li>Dise\u00f1ar y desarrollar sistemas inform\u00e1ticos.<\/li>\n<\/ul>\n<\/li>\n<li>Realizar procesos de implementaci\u00f3n de sistemas inform\u00e1ticos y su consiguiente adaptaci\u00f3n a los actuales procesos administrativos.<\/li>\n<li>Asistir al personal de las organizaciones en temas espec\u00edficos de los sistemas Inform\u00e1ticos a aplicar. La formaci\u00f3n le permitir\u00e1, a su vez, el desempe\u00f1o de esas funciones con los siguientes rasgos profesionales:\n<ul>\n<li>Capacidad para desarrollar y gestionar los sistemas atendiendo al equilibrio entre las necesidades, intereses y demandas de los usuarios, las organizaciones y la comunidad.<\/li>\n<li>Capacidad para desenvolverse en diferentes entornos inform\u00e1ticos y en la utilizaci\u00f3n de los distintos paquetes de software.<\/li>\n<li>Capacidad de coordinaci\u00f3n y trabajo en equipo.<\/li>\n<li>Actitud de actualizaci\u00f3n permanente sobre todas las \u00e1reas que hacen a su profesi\u00f3n.<\/li>\n<li>Autonom\u00eda y compromiso \u00e9tico para si mismo y para con los dem\u00e1s.<\/li>\n<\/ul>\n<\/li>\n<\/ul>\n<p>&nbsp;<\/p>\n<p>Enlace a <a href=\"https:\/\/isfd66-bue.infd.edu.ar\/sitio\/wp-content\/uploads\/2020\/11\/RSC-6790-2019-ANEXO-ANALISIS-DE-SISTEMAS-NUEVA.pdf\">Resoluci\u00f3n N\u00b0\u00a0 6790\/19<\/a><\/p>\n<p>Correlatividades<\/p>\n<p><img decoding=\"async\" loading=\"lazy\" class=\"alignnone size-full wp-image-1795\" src=\"https:\/\/isfd66-bue.infd.edu.ar\/sitio\/wp-content\/uploads\/2021\/04\/Analista-correlatividades.jpg\" alt=\"\" width=\"554\" height=\"425\" \/><\/p>\n<p>&nbsp;<\/p>\n","protected":false},"excerpt":{"rendered":"<p>D\u00cdAS Y HORARIOS: DE LUNES A VIERNES DE 18:00 A 22:00 &nbsp; La Tecnicatura Superior en An\u00e1lisis de Sistemas se plantea como finalidad general una formaci\u00f3n integral que promueva en los estudiantes la construcci\u00f3n de las herramientas intelectuales y pr\u00e1cticas necesarias para la operaci\u00f3n, programaci\u00f3n y el an\u00e1lisis de sistemas inform\u00e1ticos, fortalecer su identidad como &#8230; <a title=\"Tecnicatura Superior en An\u00e1lisis de Sistemas\" class=\"read-more\" href=\"https:\/\/isfd66-bue.infd.edu.ar\/sitio\/tecnicatura-superior-en-analisis-de-sistemas\/\" aria-label=\"More on Tecnicatura Superior en An\u00e1lisis de Sistemas\">[+]<\/a><\/p>\n","protected":false},"author":68,"featured_media":0,"parent":0,"menu_order":0,"comment_status":"closed","ping_status":"closed","template":"","meta":[],"acf":[],"_links":{"self":[{"href":"https:\/\/isfd66-bue.infd.edu.ar\/sitio\/wp-json\/wp\/v2\/pages\/1788"}],"collection":[{"href":"https:\/\/isfd66-bue.infd.edu.ar\/sitio\/wp-json\/wp\/v2\/pages"}],"about":[{"href":"https:\/\/isfd66-bue.infd.edu.ar\/sitio\/wp-json\/wp\/v2\/types\/page"}],"author":[{"embeddable":true,"href":"https:\/\/isfd66-bue.infd.edu.ar\/sitio\/wp-json\/wp\/v2\/users\/68"}],"replies":[{"embeddable":true,"href":"https:\/\/isfd66-bue.infd.edu.ar\/sitio\/wp-json\/wp\/v2\/comments?post=1788"}],"version-history":[{"count":6,"href":"https:\/\/isfd66-bue.infd.edu.ar\/sitio\/wp-json\/wp\/v2\/pages\/1788\/revisions"}],"predecessor-version":[{"id":1796,"href":"https:\/\/isfd66-bue.infd.edu.ar\/sitio\/wp-json\/wp\/v2\/pages\/1788\/revisions\/1796"}],"wp:attachment":[{"href":"https:\/\/isfd66-bue.infd.edu.ar\/sitio\/wp-json\/wp\/v2\/media?parent=1788"}],"curies":[{"name":"wp","href":"https:\/\/api.w.org\/{rel}","templated":true}]}}