{"id":1376,"date":"2020-11-06T20:41:10","date_gmt":"2020-11-06T23:41:10","guid":{"rendered":"https:\/\/isfd66-bue.infd.edu.ar\/sitio\/?page_id=1376"},"modified":"2020-11-06T21:03:53","modified_gmt":"2020-11-07T00:03:53","slug":"carreras-solicitadas-para-el-ciclo-2021","status":"publish","type":"page","link":"https:\/\/isfd66-bue.infd.edu.ar\/sitio\/carreras-solicitadas-para-el-ciclo-2021\/","title":{"rendered":"CARRERAS  SOLICITADAS PARA EL CICLO 2021"},"content":{"rendered":"<h3 style=\"text-align: center;\">CARRERAS\u00a0 SOLICITADAS PARA EL CICLO 2021<\/h3>\n<p>&nbsp;<\/p>\n<p>El<strong> INSTITUTO SUPERIOR DE FORMACION DOCENTE Y T\u00c9CNICA N\u00b0 66<\/strong> <strong>de Monte<\/strong> informa que para el <strong>ciclo 2021<\/strong> se solicitaron las siguientes carreras.<\/p>\n<p>Se espera la confirmaci\u00f3n y aprobaci\u00f3n de las mismas por parte de las autoridades provinciales.<\/p>\n<p>Pr\u00f3ximamente se dar\u00e1n a conocer las fechas y modo en que se realizar\u00e1 la inscripci\u00f3n.<\/p>\n<p>Las carreras solicitadas y los <strong>turnos tentativos<\/strong> son:<\/p>\n<p>&nbsp;<\/p>\n<p style=\"text-align: center;\">Turno Ma\u00f1ana<\/p>\n<p style=\"text-align: center;\">PROFESORADO DE\u00a0 EDUCACI\u00d3N SECUNDARIA EN LENGUA Y LITERATURA &#8211;\u00a0<a href=\"https:\/\/isfd66-bue.infd.edu.ar\/sitio\/wp-content\/uploads\/2020\/11\/Disen_o_del_Prof._de_Lengua_y_Literatura_2018-res-1862-17.pdf\">Resoluci\u00f3n N\u00b0 1862\/17<\/a><\/p>\n<p style=\"text-align: center;\">\u00a0TECNICATURA SUPERIOR EN ADMINISTRACI\u00d3N FINANCIERA\u00a0 &#8211;\u00a0<a href=\"https:\/\/isfd66-bue.infd.edu.ar\/sitio\/wp-content\/uploads\/2020\/11\/Recolucion-de-Administracion-financiera-277-03.pdf\">Resoluci\u00f3n N\u00b0 277\/03<\/a><\/p>\n<p>&nbsp;<\/p>\n<p style=\"text-align: center;\">Turno Tarde<\/p>\n<p style=\"text-align: center;\">PROFESORADO EN EDUCACI\u00d3N INICIAL &#8211;\u00a0<a href=\"http:\/\/servicios.abc.gov.ar\/lainstitucion\/organismos\/consejogeneral\/disenioscurriculares\/documentosdescarga\/dcurricularsuperior.pdf\">Resoluci\u00f3n N\u00b0 4154\/07<\/a><\/p>\n<p style=\"text-align: center;\">PROFESORADO EN EDUCACI\u00d3N PRIMARIA &#8211;\u00a0<a href=\"http:\/\/servicios.abc.gov.ar\/lainstitucion\/organismos\/consejogeneral\/disenioscurriculares\/documentosdescarga\/dcurricularsuperior.pdf\">Resoluci\u00f3n N\u00b0 4154\/07<\/a><\/p>\n<p>&nbsp;<\/p>\n<p style=\"text-align: center;\">Turno Vespertino<\/p>\n<p style=\"text-align: center;\">TECNICATURA SUPERIOR EN AN\u00c1LISIS\u00a0 DE SISTEMAS &#8211;\u00a0<a href=\"https:\/\/isfd66-bue.infd.edu.ar\/sitio\/wp-content\/uploads\/2020\/11\/RSC-6790-2019-ANEXO-ANALISIS-DE-SISTEMAS-NUEVA.pdf\">Resoluci\u00f3n N\u00b0 6790\/19<\/a><\/p>\n<p style=\"text-align: center;\">TECNICATURA SUPERIOR EN HOTELER\u00cdA &#8211;\u00a0<a href=\"https:\/\/isfd66-bue.infd.edu.ar\/sitio\/wp-content\/uploads\/2020\/11\/278-03_Hoteleria_RM.pdf\">Resoluci\u00f3n N\u00b0 278\/03<\/a><\/p>\n<p style=\"text-align: center;\">TECNICATURA SUPERIOR EN HIGIENE Y SEGURIDAD &#8211;<a href=\"https:\/\/isfd66-bue.infd.edu.ar\/sitio\/wp-content\/uploads\/2020\/11\/Resolucion_320-13_TS_Higiene_y_Seguridad_en_el_Trabajo.pdf\">\u00a0Resoluci\u00f3n N\u00b0 320\/13<\/a><\/p>\n<p style=\"text-align: center;\">TECNICATURA SUPERIOR EN ADMINISTRACI\u00d3N CONTABLE &#8211;\u00a0<a href=\"https:\/\/isfd66-bue.infd.edu.ar\/sitio\/wp-content\/uploads\/2020\/11\/tecsupenadmincontabler273-03.pdf\">Resoluci\u00f3n N\u00b0 273\/03<\/a><\/p>\n<p>&nbsp;<\/p>\n","protected":false},"excerpt":{"rendered":"<p>CARRERAS\u00a0 SOLICITADAS PARA EL CICLO 2021 &nbsp; El INSTITUTO SUPERIOR DE FORMACION DOCENTE Y T\u00c9CNICA N\u00b0 66 de Monte informa que para el ciclo 2021 se solicitaron las siguientes carreras. Se espera la confirmaci\u00f3n y aprobaci\u00f3n de las mismas por parte de las autoridades provinciales. Pr\u00f3ximamente se dar\u00e1n a conocer las fechas y modo en &#8230; <a title=\"CARRERAS  SOLICITADAS PARA EL CICLO 2021\" class=\"read-more\" href=\"https:\/\/isfd66-bue.infd.edu.ar\/sitio\/carreras-solicitadas-para-el-ciclo-2021\/\" aria-label=\"More on CARRERAS  SOLICITADAS PARA EL CICLO 2021\">[+]<\/a><\/p>\n","protected":false},"author":68,"featured_media":1388,"parent":0,"menu_order":0,"comment_status":"closed","ping_status":"closed","template":"","meta":[],"acf":[],"_links":{"self":[{"href":"https:\/\/isfd66-bue.infd.edu.ar\/sitio\/wp-json\/wp\/v2\/pages\/1376"}],"collection":[{"href":"https:\/\/isfd66-bue.infd.edu.ar\/sitio\/wp-json\/wp\/v2\/pages"}],"about":[{"href":"https:\/\/isfd66-bue.infd.edu.ar\/sitio\/wp-json\/wp\/v2\/types\/page"}],"author":[{"embeddable":true,"href":"https:\/\/isfd66-bue.infd.edu.ar\/sitio\/wp-json\/wp\/v2\/users\/68"}],"replies":[{"embeddable":true,"href":"https:\/\/isfd66-bue.infd.edu.ar\/sitio\/wp-json\/wp\/v2\/comments?post=1376"}],"version-history":[{"count":15,"href":"https:\/\/isfd66-bue.infd.edu.ar\/sitio\/wp-json\/wp\/v2\/pages\/1376\/revisions"}],"predecessor-version":[{"id":2120,"href":"https:\/\/isfd66-bue.infd.edu.ar\/sitio\/wp-json\/wp\/v2\/pages\/1376\/revisions\/2120"}],"wp:featuredmedia":[{"embeddable":true,"href":"https:\/\/isfd66-bue.infd.edu.ar\/sitio\/wp-json\/wp\/v2\/media\/1388"}],"wp:attachment":[{"href":"https:\/\/isfd66-bue.infd.edu.ar\/sitio\/wp-json\/wp\/v2\/media?parent=1376"}],"curies":[{"name":"wp","href":"https:\/\/api.w.org\/{rel}","templated":true}]}}