{"id":1327,"date":"2020-09-28T18:08:39","date_gmt":"2020-09-28T21:08:39","guid":{"rendered":"https:\/\/isfd66-bue.infd.edu.ar\/sitio\/?page_id=1327"},"modified":"2020-09-28T18:08:39","modified_gmt":"2020-09-28T21:08:39","slug":"maraton-de-lectura","status":"publish","type":"page","link":"https:\/\/isfd66-bue.infd.edu.ar\/sitio\/maraton-de-lectura\/","title":{"rendered":"Marat\u00f3n de Lectura"},"content":{"rendered":"<div dir=\"auto\">\u00c9ste es el trabajo en Residencia de Gimena C\u00f3rdoba , alumna del Instituto Superior<br \/>\nde 4to a\u00f1o de Primaria en su Residencia en 1er a\u00f1o de la EP 7.<\/div>\n<div dir=\"auto\">Gracias a la DO (docente orientadora) y a la Direcci\u00f3n de la escuela Dar\u00edo Catalfo 1\u00b0A\u00d1O<\/div>\n<div dir=\"auto\">\n<div class=\"kvgmc6g5 cxmmr5t8 oygrvhab hcukyx3x c1et5uql ii04i59q\">\n<div dir=\"auto\">EP N\u00b0 7 \u00abPAULA ALBARRAC\u00cdN DE SARMIENTO\u00bb.<\/div>\n<\/div>\n<div class=\"o9v6fnle cxmmr5t8 oygrvhab hcukyx3x c1et5uql ii04i59q\">\n<div dir=\"auto\"><span class=\"pq6dq46d tbxw36s4 knj5qynh kvgmc6g5 ditlmg2l oygrvhab nvdbi5me sf5mxxl7 gl3lb2sf hhz5lgdu\"><img decoding=\"async\" loading=\"lazy\" src=\"https:\/\/static.xx.fbcdn.net\/images\/emoji.php\/v9\/t9c\/1\/16\/1f4d4.png\" alt=\"&#x1f4d4;\" width=\"16\" height=\"16\" \/><\/span>En esta primera parte ,los alumnos participaron , compartiendo su imaginaci\u00f3n y anticip\u00e1ndose al t\u00edtulo del cuento ; propuesta presentada por la la se\u00f1orita Gimena C\u00f3rdoba ,alumna residente de 4\u00b0a\u00f1o del profesorado de Ense\u00f1anza Primaria del I.S.F.D.yT.N\u00b066 de Monte.<\/div>\n<\/div>\n<\/div>\n<p><iframe loading=\"lazy\" style=\"border: none; overflow: hidden;\" src=\"https:\/\/www.facebook.com\/plugins\/post.php?href=https%3A%2F%2Fwww.facebook.com%2Fmariadolores.martinez.5%2Fposts%2F3583171811702407&amp;show_text=true&amp;width=552&amp;height=769&amp;appId\" width=\"552\" height=\"769\" frameborder=\"0\" scrolling=\"no\"><\/iframe><\/p>\n","protected":false},"excerpt":{"rendered":"<p>\u00c9ste es el trabajo en Residencia de Gimena C\u00f3rdoba , alumna del Instituto Superior de 4to a\u00f1o de Primaria en su Residencia en 1er a\u00f1o de la EP 7. Gracias a la DO (docente orientadora) y a la Direcci\u00f3n de la escuela Dar\u00edo Catalfo 1\u00b0A\u00d1O EP N\u00b0 7 \u00abPAULA ALBARRAC\u00cdN DE SARMIENTO\u00bb. En esta primera &#8230; <a title=\"Marat\u00f3n de Lectura\" class=\"read-more\" href=\"https:\/\/isfd66-bue.infd.edu.ar\/sitio\/maraton-de-lectura\/\" aria-label=\"More on Marat\u00f3n de Lectura\">[+]<\/a><\/p>\n","protected":false},"author":68,"featured_media":0,"parent":0,"menu_order":0,"comment_status":"closed","ping_status":"closed","template":"","meta":[],"acf":[],"_links":{"self":[{"href":"https:\/\/isfd66-bue.infd.edu.ar\/sitio\/wp-json\/wp\/v2\/pages\/1327"}],"collection":[{"href":"https:\/\/isfd66-bue.infd.edu.ar\/sitio\/wp-json\/wp\/v2\/pages"}],"about":[{"href":"https:\/\/isfd66-bue.infd.edu.ar\/sitio\/wp-json\/wp\/v2\/types\/page"}],"author":[{"embeddable":true,"href":"https:\/\/isfd66-bue.infd.edu.ar\/sitio\/wp-json\/wp\/v2\/users\/68"}],"replies":[{"embeddable":true,"href":"https:\/\/isfd66-bue.infd.edu.ar\/sitio\/wp-json\/wp\/v2\/comments?post=1327"}],"version-history":[{"count":6,"href":"https:\/\/isfd66-bue.infd.edu.ar\/sitio\/wp-json\/wp\/v2\/pages\/1327\/revisions"}],"predecessor-version":[{"id":1333,"href":"https:\/\/isfd66-bue.infd.edu.ar\/sitio\/wp-json\/wp\/v2\/pages\/1327\/revisions\/1333"}],"wp:attachment":[{"href":"https:\/\/isfd66-bue.infd.edu.ar\/sitio\/wp-json\/wp\/v2\/media?parent=1327"}],"curies":[{"name":"wp","href":"https:\/\/api.w.org\/{rel}","templated":true}]}}